{"id":90194,"date":"2024-02-05T11:30:07","date_gmt":"2024-02-05T10:30:07","guid":{"rendered":"https:\/\/www.yesovens.it\/?page_id=90194"},"modified":"2025-05-13T11:08:07","modified_gmt":"2025-05-13T09:08:07","slug":"hotte","status":"publish","type":"page","link":"https:\/\/www.yesovens.it\/fr\/hotte\/","title":{"rendered":"Hotte"},"content":{"rendered":"\t\t<div data-elementor-type=\"wp-page\" data-elementor-id=\"90194\" class=\"elementor elementor-90194 elementor-87395\" data-elementor-post-type=\"page\">\n\t\t\t\t\t\t<section class=\"elementor-section elementor-top-section elementor-element elementor-element-490d62f elementor-section-boxed elementor-section-height-default elementor-section-height-default parallax_section_no qode_elementor_container_no\" data-id=\"490d62f\" data-element_type=\"section\" data-e-type=\"section\">\n\t\t\t\t\t\t<div class=\"elementor-container elementor-column-gap-default\">\n\t\t\t\t\t<div class=\"elementor-column elementor-col-100 elementor-top-column elementor-element elementor-element-033eedf\" data-id=\"033eedf\" data-element_type=\"column\" data-e-type=\"column\">\n\t\t\t<div class=\"elementor-widget-wrap\">\n\t\t\t\t\t\t\t<\/div>\n\t\t<\/div>\n\t\t\t\t\t<\/div>\n\t\t<\/section>\n\t\t\t\t<section class=\"elementor-section elementor-top-section elementor-element elementor-element-328b5e3 elementor-section-full_width elementor-section-height-default elementor-section-height-default parallax_section_no qode_elementor_container_no\" data-id=\"328b5e3\" data-element_type=\"section\" data-e-type=\"section\">\n\t\t\t\t\t\t<div class=\"elementor-container elementor-column-gap-default\">\n\t\t\t\t\t<div class=\"elementor-column elementor-col-50 elementor-top-column elementor-element elementor-element-6535568\" data-id=\"6535568\" data-element_type=\"column\" data-e-type=\"column\" data-settings=\"{&quot;background_background&quot;:&quot;classic&quot;}\">\n\t\t\t<div class=\"elementor-widget-wrap elementor-element-populated\">\n\t\t\t\t\t\t<div class=\"elementor-element elementor-element-541bab1 elementor-widget elementor-widget-heading\" data-id=\"541bab1\" data-element_type=\"widget\" data-e-type=\"widget\" data-widget_type=\"heading.default\">\n\t\t\t\t<div class=\"elementor-widget-container\">\n\t\t\t\t\t<p class=\"elementor-heading-title elementor-size-default\">YESOVENS Hotte<\/p>\t\t\t\t<\/div>\n\t\t\t\t<\/div>\n\t\t\t\t<div class=\"elementor-element elementor-element-c49c5fe elementor-widget elementor-widget-text-editor\" data-id=\"c49c5fe\" data-element_type=\"widget\" data-e-type=\"widget\" data-widget_type=\"text-editor.default\">\n\t\t\t\t<div class=\"elementor-widget-container\">\n\t\t\t\t\t\t\t\t\t<h3><span style=\"font-weight: 400;\">Hotte condensation et extraction<\/span><\/h3>\n\t\t\t\t\t\t\t\t<\/div>\n\t\t\t\t<\/div>\n\t\t\t\t<div class=\"elementor-element elementor-element-7be4f5d elementor-widget elementor-widget-text-editor\" data-id=\"7be4f5d\" data-element_type=\"widget\" data-e-type=\"widget\" data-widget_type=\"text-editor.default\">\n\t\t\t\t<div class=\"elementor-widget-container\">\n\t\t\t\t\t\t\t\t\t<p>Yesovens Hotte, disponible en version \u00e9lectrom\u00e9canique, est con\u00e7u pour offrir des performances sup\u00e9rieures, garantissant une exp\u00e9rience culinaire sans compromis.<br><\/p>\n<p>\u00c9limine rapidement et efficacement la vapeur des chemin\u00e9es et l&rsquo;humidit\u00e9 de la porte du four.<\/p>\n<p>Equip\u00e9 d&rsquo;une structure robuste en acier inoxydable 304 qui garantit la solidit\u00e9 et la durabilit\u00e9.<\/p>\n<p><br><\/p>\n<p>Une version personnalis\u00e9e pour le four compact \u00e0 6 niveaux EGO SLIM est \u00e9galement disponible.<\/p>\n<p><\/p>\t\t\t\t\t\t\t\t<\/div>\n\t\t\t\t<\/div>\n\t\t\t\t\t<\/div>\n\t\t<\/div>\n\t\t\t\t<div class=\"elementor-column elementor-col-50 elementor-top-column elementor-element elementor-element-dc14957\" data-id=\"dc14957\" data-element_type=\"column\" data-e-type=\"column\" data-settings=\"{&quot;background_background&quot;:&quot;gradient&quot;}\">\n\t\t\t<div class=\"elementor-widget-wrap elementor-element-populated\">\n\t\t\t\t\t\t<div class=\"elementor-element elementor-element-4a906cc elementor-widget elementor-widget-image\" data-id=\"4a906cc\" data-element_type=\"widget\" data-e-type=\"widget\" data-widget_type=\"image.default\">\n\t\t\t\t<div class=\"elementor-widget-container\">\n\t\t\t\t\t\t\t\t\t\t\t\t\t\t\t<img loading=\"lazy\" decoding=\"async\" width=\"1024\" height=\"576\" src=\"https:\/\/www.yesovens.it\/wp-content\/smush-webp\/2024\/01\/cappe-yesovens-2-1024x576.jpg.webp\" class=\"attachment-large size-large wp-image-90013\" alt=\"\" srcset=\"https:\/\/www.yesovens.it\/wp-content\/smush-webp\/2024\/01\/cappe-yesovens-2-1024x576.jpg.webp 1024w, https:\/\/www.yesovens.it\/wp-content\/smush-webp\/2024\/01\/cappe-yesovens-2-300x169.jpg.webp 300w, https:\/\/www.yesovens.it\/wp-content\/smush-webp\/2024\/01\/cappe-yesovens-2-768x432.jpg.webp 768w, https:\/\/www.yesovens.it\/wp-content\/smush-webp\/2024\/01\/cappe-yesovens-2-700x394.jpg.webp 700w, https:\/\/www.yesovens.it\/wp-content\/smush-webp\/2024\/01\/cappe-yesovens-2-539x303.jpg.webp 539w, https:\/\/www.yesovens.it\/wp-content\/smush-webp\/2024\/01\/cappe-yesovens-2.jpg.webp 1280w\" sizes=\"auto, (max-width: 1024px) 100vw, 1024px\" data-smush-webp-fallback=\"{&quot;src&quot;:&quot;https:\\\/\\\/www.yesovens.it\\\/wp-content\\\/uploads\\\/2024\\\/01\\\/cappe-yesovens-2-1024x576.jpg&quot;,&quot;srcset&quot;:&quot;https:\\\/\\\/www.yesovens.it\\\/wp-content\\\/uploads\\\/2024\\\/01\\\/cappe-yesovens-2-1024x576.jpg 1024w, https:\\\/\\\/www.yesovens.it\\\/wp-content\\\/uploads\\\/2024\\\/01\\\/cappe-yesovens-2-300x169.jpg 300w, https:\\\/\\\/www.yesovens.it\\\/wp-content\\\/uploads\\\/2024\\\/01\\\/cappe-yesovens-2-768x432.jpg 768w, https:\\\/\\\/www.yesovens.it\\\/wp-content\\\/uploads\\\/2024\\\/01\\\/cappe-yesovens-2-700x394.jpg 700w, https:\\\/\\\/www.yesovens.it\\\/wp-content\\\/uploads\\\/2024\\\/01\\\/cappe-yesovens-2-539x303.jpg 539w, https:\\\/\\\/www.yesovens.it\\\/wp-content\\\/uploads\\\/2024\\\/01\\\/cappe-yesovens-2.jpg 1280w&quot;}\" \/>\t\t\t\t\t\t\t\t\t\t\t\t\t\t\t<\/div>\n\t\t\t\t<\/div>\n\t\t\t\t<div class=\"elementor-element elementor-element-f6d8d46 elementor-widget elementor-widget-text-editor\" data-id=\"f6d8d46\" data-element_type=\"widget\" data-e-type=\"widget\" data-widget_type=\"text-editor.default\">\n\t\t\t\t<div class=\"elementor-widget-container\">\n\t\t\t\t\t\t\t\t\t<h6><span style=\"color: #000000;\"><span style=\"font-weight: 400;\">Puissant, efficace et facile \u00e0 installer et \u00e0 entretenir. D\u00e9couvrez le nec plus ultra en mati\u00e8re d&rsquo;efficacit\u00e9 !<\/span><\/span><\/h6>\t\t\t\t\t\t\t\t<\/div>\n\t\t\t\t<\/div>\n\t\t\t\t\t<\/div>\n\t\t<\/div>\n\t\t\t\t\t<\/div>\n\t\t<\/section>\n\t\t\t\t<section class=\"elementor-section elementor-top-section elementor-element elementor-element-37a2506 elementor-section-full_width elementor-section-height-default elementor-section-height-default parallax_section_no qode_elementor_container_no\" data-id=\"37a2506\" data-element_type=\"section\" data-e-type=\"section\" data-settings=\"{&quot;background_background&quot;:&quot;classic&quot;}\">\n\t\t\t\t\t\t<div class=\"elementor-container elementor-column-gap-default\">\n\t\t\t\t\t<div class=\"elementor-column elementor-col-100 elementor-top-column elementor-element elementor-element-700f878\" data-id=\"700f878\" data-element_type=\"column\" data-e-type=\"column\">\n\t\t\t<div class=\"elementor-widget-wrap elementor-element-populated\">\n\t\t\t\t\t\t<div class=\"elementor-element elementor-element-71c8586 elementor-widget elementor-widget-text-editor\" data-id=\"71c8586\" data-element_type=\"widget\" data-e-type=\"widget\" data-settings=\"{&quot;_animation&quot;:&quot;none&quot;}\" data-widget_type=\"text-editor.default\">\n\t\t\t\t<div class=\"elementor-widget-container\">\n\t\t\t\t\t\t\t\t\t<h3 style=\"text-align: center;\"><span style=\"color: #000000;\">Fiches techniques et manuels<\/span><\/h3>\n\t\t\t\t\t\t\t\t<\/div>\n\t\t\t\t<\/div>\n\t\t\t\t<div class=\"elementor-element elementor-element-3f90827 elementor-align-center elementor-widget elementor-widget-button\" data-id=\"3f90827\" data-element_type=\"widget\" data-e-type=\"widget\" data-widget_type=\"button.default\">\n\t\t\t\t<div class=\"elementor-widget-container\">\n\t\t\t\t\t\t\t\t\t<div class=\"elementor-button-wrapper\">\n\t\t\t\t\t<a class=\"elementor-button elementor-button-link elementor-size-sm elementor-animation-grow\" href=\"https:\/\/www.yesovens.it\/wp-content\/uploads\/2024\/02\/Flyer_Cappa_FR_PRINT_2021.pdf\" target=\"_blank\">\n\t\t\t\t\t\t<span class=\"elementor-button-content-wrapper\">\n\t\t\t\t\t\t<span class=\"elementor-button-icon\">\n\t\t\t\t<i aria-hidden=\"true\" class=\"far fa-file-pdf\"><\/i>\t\t\t<\/span>\n\t\t\t\t\t\t\t\t\t<span class=\"elementor-button-text\">Hotte Flyer<\/span>\n\t\t\t\t\t<\/span>\n\t\t\t\t\t<\/a>\n\t\t\t\t<\/div>\n\t\t\t\t\t\t\t\t<\/div>\n\t\t\t\t<\/div>\n\t\t\t\t<div class=\"elementor-element elementor-element-97ce726 elementor-align-center elementor-widget elementor-widget-button\" data-id=\"97ce726\" data-element_type=\"widget\" data-e-type=\"widget\" data-widget_type=\"button.default\">\n\t\t\t\t<div class=\"elementor-widget-container\">\n\t\t\t\t\t\t\t\t\t<div class=\"elementor-button-wrapper\">\n\t\t\t\t\t<a class=\"elementor-button elementor-button-link elementor-size-sm elementor-animation-grow\" href=\"https:\/\/www.yesovens.it\/wp-content\/uploads\/2024\/02\/393900138.pdf\" target=\"_blank\">\n\t\t\t\t\t\t<span class=\"elementor-button-content-wrapper\">\n\t\t\t\t\t\t<span class=\"elementor-button-icon\">\n\t\t\t\t<i aria-hidden=\"true\" class=\"far fa-file-pdf\"><\/i>\t\t\t<\/span>\n\t\t\t\t\t\t\t\t\t<span class=\"elementor-button-text\">Hotte fiche technique <\/span>\n\t\t\t\t\t<\/span>\n\t\t\t\t\t<\/a>\n\t\t\t\t<\/div>\n\t\t\t\t\t\t\t\t<\/div>\n\t\t\t\t<\/div>\n\t\t\t\t\t<\/div>\n\t\t<\/div>\n\t\t\t\t\t<\/div>\n\t\t<\/section>\n\t\t\t\t<section class=\"elementor-section elementor-top-section elementor-element elementor-element-af0a26c animated-fast elementor-section-boxed elementor-section-height-default elementor-section-height-default parallax_section_no qode_elementor_container_no\" data-id=\"af0a26c\" data-element_type=\"section\" data-e-type=\"section\" data-settings=\"{&quot;background_background&quot;:&quot;classic&quot;,&quot;animation&quot;:&quot;none&quot;}\">\n\t\t\t\t\t\t\t<div class=\"elementor-background-overlay\"><\/div>\n\t\t\t\t\t\t\t<div class=\"elementor-container elementor-column-gap-default\">\n\t\t\t\t\t<div class=\"elementor-column elementor-col-100 elementor-top-column elementor-element elementor-element-eb9e629\" data-id=\"eb9e629\" data-element_type=\"column\" data-e-type=\"column\">\n\t\t\t<div class=\"elementor-widget-wrap elementor-element-populated\">\n\t\t\t\t\t\t<div class=\"elementor-element elementor-element-ef1c0f5 elementor-widget elementor-widget-text-editor\" data-id=\"ef1c0f5\" data-element_type=\"widget\" data-e-type=\"widget\" data-widget_type=\"text-editor.default\">\n\t\t\t\t<div class=\"elementor-widget-container\">\n\t\t\t\t\t\t\t\t\t<h3 style=\"text-align: center;\"><span style=\"font-weight: 400;\">Choisissez le four Yesovens qui vous convient le mieux<\/span><\/h3>\n\t\t\t\t\t\t\t\t<\/div>\n\t\t\t\t<\/div>\n\t\t\t\t<div class=\"elementor-element elementor-element-a27b394 elementor-widget elementor-widget-text-editor\" data-id=\"a27b394\" data-element_type=\"widget\" data-e-type=\"widget\" data-widget_type=\"text-editor.default\">\n\t\t\t\t<div class=\"elementor-widget-container\">\n\t\t\t\t\t\t\t\t\t<h6 style=\"text-align: center;\"><span style=\"font-weight: 400;\">En collaboration avec nos partenaires locaux, nous vous guiderons dans votre choix du four mixte professionnel le plus adapt\u00e9 \u00e0 vos besoins. Contactez-nous pour plus d&rsquo;informations. <\/span><\/h6>\n<h6> <\/h6>\n<h6 style=\"text-align: center;\"><span style=\"font-weight: 400;\"><strong>Contactez-nous<\/strong><\/span><\/h6>\n\t\t\t\t\t\t\t\t<\/div>\n\t\t\t\t<\/div>\n\t\t\t\t<div class=\"elementor-element elementor-element-67f9285 elementor-widget elementor-widget-shortcode\" data-id=\"67f9285\" data-element_type=\"widget\" data-e-type=\"widget\" data-widget_type=\"shortcode.default\">\n\t\t\t\t<div class=\"elementor-widget-container\">\n\t\t\t\t\t\t\t<div class=\"elementor-shortcode\"><script charset=\"utf-8\" type=\"text\/javascript\" src=\"\/\/js-eu1.hsforms.net\/forms\/embed\/v2.js\"><\/script>\n<script>\n  hbspt.forms.create({\n    region: \"eu1\",\n    portalId: \"145537479\",\n    formId: \"c53c53dc-9f7e-4a0e-8a70-a7b418062ff9\"\n  });\n<\/script><\/div>\n\t\t\t\t\t\t<\/div>\n\t\t\t\t<\/div>\n\t\t\t\t\t<\/div>\n\t\t<\/div>\n\t\t\t\t\t<\/div>\n\t\t<\/section>\n\t\t\t\t<\/div>\n\t\t","protected":false},"excerpt":{"rendered":"<p>YESOVENS Hotte Hotte condensation et extraction Yesovens Hotte, disponible en version \u00e9lectrom\u00e9canique, est con\u00e7u pour offrir des performances sup\u00e9rieures, garantissant une exp\u00e9rience culinaire sans compromis. \u00c9limine rapidement et efficacement la vapeur des chemin\u00e9es et l&rsquo;humidit\u00e9 de la porte du four. Equip\u00e9 d&rsquo;une structure robuste en&#8230;<\/p>\n","protected":false},"author":7,"featured_media":0,"parent":0,"menu_order":0,"comment_status":"closed","ping_status":"closed","template":"full_width.php","meta":{"_acf_changed":false,"content-type":"","footnotes":""},"class_list":["post-90194","page","type-page","status-publish","hentry"],"acf":[],"_links":{"self":[{"href":"https:\/\/www.yesovens.it\/fr\/wp-json\/wp\/v2\/pages\/90194","targetHints":{"allow":["GET"]}}],"collection":[{"href":"https:\/\/www.yesovens.it\/fr\/wp-json\/wp\/v2\/pages"}],"about":[{"href":"https:\/\/www.yesovens.it\/fr\/wp-json\/wp\/v2\/types\/page"}],"author":[{"embeddable":true,"href":"https:\/\/www.yesovens.it\/fr\/wp-json\/wp\/v2\/users\/7"}],"replies":[{"embeddable":true,"href":"https:\/\/www.yesovens.it\/fr\/wp-json\/wp\/v2\/comments?post=90194"}],"version-history":[{"count":0,"href":"https:\/\/www.yesovens.it\/fr\/wp-json\/wp\/v2\/pages\/90194\/revisions"}],"wp:attachment":[{"href":"https:\/\/www.yesovens.it\/fr\/wp-json\/wp\/v2\/media?parent=90194"}],"curies":[{"name":"wp","href":"https:\/\/api.w.org\/{rel}","templated":true}]}}