{"id":89832,"date":"2024-01-24T16:10:34","date_gmt":"2024-01-24T15:10:34","guid":{"rendered":"https:\/\/www.yesovens.it\/?page_id=89832"},"modified":"2025-05-13T11:08:25","modified_gmt":"2025-05-13T09:08:25","slug":"chambre-de-pousse","status":"publish","type":"page","link":"https:\/\/www.yesovens.it\/fr\/chambre-de-pousse\/","title":{"rendered":"Chambres de pousse"},"content":{"rendered":"\t\t<div data-elementor-type=\"wp-page\" data-elementor-id=\"89832\" class=\"elementor elementor-89832 elementor-87338\" data-elementor-post-type=\"page\">\n\t\t\t\t\t\t<section class=\"elementor-section elementor-top-section elementor-element elementor-element-1e39400 elementor-section-full_width elementor-section-height-default elementor-section-height-default parallax_section_no qode_elementor_container_no\" data-id=\"1e39400\" data-element_type=\"section\" data-e-type=\"section\" data-settings=\"{&quot;background_background&quot;:&quot;classic&quot;}\">\n\t\t\t\t\t\t<div class=\"elementor-container elementor-column-gap-default\">\n\t\t\t\t\t<div class=\"elementor-column elementor-col-50 elementor-top-column elementor-element elementor-element-c6232f4\" data-id=\"c6232f4\" data-element_type=\"column\" data-e-type=\"column\" data-settings=\"{&quot;background_background&quot;:&quot;classic&quot;}\">\n\t\t\t<div class=\"elementor-widget-wrap elementor-element-populated\">\n\t\t\t\t\t\t<div class=\"elementor-element elementor-element-3736edd elementor-widget elementor-widget-heading\" data-id=\"3736edd\" data-element_type=\"widget\" data-e-type=\"widget\" data-widget_type=\"heading.default\">\n\t\t\t\t<div class=\"elementor-widget-container\">\n\t\t\t\t\t<p class=\"elementor-heading-title elementor-size-default\">YESOVENS chambre de pousse<\/p>\t\t\t\t<\/div>\n\t\t\t\t<\/div>\n\t\t\t\t<div class=\"elementor-element elementor-element-8c11cef elementor-widget elementor-widget-text-editor\" data-id=\"8c11cef\" data-element_type=\"widget\" data-e-type=\"widget\" data-widget_type=\"text-editor.default\">\n\t\t\t\t<div class=\"elementor-widget-container\">\n\t\t\t\t\t\t\t\t\t<h3><span style=\"font-weight: 400;\">Chambres de pouss\u00e9e num\u00e9rique et m\u00e9canique<\/span><\/h3>\n\t\t\t\t\t\t\t\t<\/div>\n\t\t\t\t<\/div>\n\t\t\t\t<div class=\"elementor-element elementor-element-a4da383 elementor-widget elementor-widget-text-editor\" data-id=\"a4da383\" data-element_type=\"widget\" data-e-type=\"widget\" data-widget_type=\"text-editor.default\">\n\t\t\t\t<div class=\"elementor-widget-container\">\n\t\t\t\t\t\t\t\t\t<p>Notre chambre de pousse professionnelle est con\u00e7ue pour optimiser le processus de levage dans les cuisines professionnelles. Sa technologie de pointe acc\u00e9l\u00e8re la production et garantit des r\u00e9sultats constants, r\u00e9pondant ainsi aux exigences d&rsquo;efficacit\u00e9 et de qualit\u00e9.<\/p>\n<p>Fabriqu\u00e9e en acier AISI 304, la chambre et les panneaux garantissent solidit\u00e9 et durabilit\u00e9. Cette robustesse est cruciale car elle permet d&rsquo;obtenir une solution fiable qui s&rsquo;adapte aux exigences intenses des cuisines commerciales.<\/p>\n<p>\u00c9quip\u00e9 de 12 plateaux de 600&#215;400, il offre une capacit\u00e9 importante et flexible pour s&rsquo;adapter \u00e0 toutes les r\u00e9alit\u00e9s.<\/p><\/p>\n\t\t\t\t\t\t\t\t<\/div>\n\t\t\t\t<\/div>\n\t\t\t\t<div class=\"elementor-element elementor-element-ed85b58 elementor-align-left elementor-widget elementor-widget-button\" data-id=\"ed85b58\" data-element_type=\"widget\" data-e-type=\"widget\" data-widget_type=\"button.default\">\n\t\t\t\t<div class=\"elementor-widget-container\">\n\t\t\t\t\t\t\t\t\t<div class=\"elementor-button-wrapper\">\n\t\t\t\t\t<a class=\"elementor-button elementor-button-link elementor-size-sm elementor-animation-grow\" href=\"https:\/\/www.yesovens.it\/fr\/four-electrique-professionnel\/four-a-patisserie-professionel\/star\/#caratteristiche\" target=\"_blank\">\n\t\t\t\t\t\t<span class=\"elementor-button-content-wrapper\">\n\t\t\t\t\t\t<span class=\"elementor-button-icon\">\n\t\t\t\t<i aria-hidden=\"true\" class=\"fas fa-info\"><\/i>\t\t\t<\/span>\n\t\t\t\t\t\t\t\t\t<span class=\"elementor-button-text\">Caract\u00e9ristiques<\/span>\n\t\t\t\t\t<\/span>\n\t\t\t\t\t<\/a>\n\t\t\t\t<\/div>\n\t\t\t\t\t\t\t\t<\/div>\n\t\t\t\t<\/div>\n\t\t\t\t\t<\/div>\n\t\t<\/div>\n\t\t\t\t<div class=\"elementor-column elementor-col-50 elementor-top-column elementor-element elementor-element-6f38864\" data-id=\"6f38864\" data-element_type=\"column\" data-e-type=\"column\" data-settings=\"{&quot;background_background&quot;:&quot;gradient&quot;}\">\n\t\t\t<div class=\"elementor-widget-wrap elementor-element-populated\">\n\t\t\t\t\t\t<div class=\"elementor-element elementor-element-f4a1eb6 elementor-widget elementor-widget-image\" data-id=\"f4a1eb6\" data-element_type=\"widget\" data-e-type=\"widget\" data-widget_type=\"image.default\">\n\t\t\t\t<div class=\"elementor-widget-container\">\n\t\t\t\t\t\t\t\t\t\t\t\t\t\t\t<img loading=\"lazy\" decoding=\"async\" width=\"1024\" height=\"576\" src=\"https:\/\/www.yesovens.it\/wp-content\/smush-webp\/2023\/12\/LIEVITATORI-1024x576.jpg.webp\" class=\"attachment-large size-large wp-image-87356\" alt=\"\" srcset=\"https:\/\/www.yesovens.it\/wp-content\/smush-webp\/2023\/12\/LIEVITATORI-1024x576.jpg.webp 1024w, https:\/\/www.yesovens.it\/wp-content\/smush-webp\/2023\/12\/LIEVITATORI-300x169.jpg.webp 300w, https:\/\/www.yesovens.it\/wp-content\/smush-webp\/2023\/12\/LIEVITATORI-768x432.jpg.webp 768w, https:\/\/www.yesovens.it\/wp-content\/smush-webp\/2023\/12\/LIEVITATORI-700x394.jpg.webp 700w, https:\/\/www.yesovens.it\/wp-content\/smush-webp\/2023\/12\/LIEVITATORI-539x303.jpg.webp 539w, https:\/\/www.yesovens.it\/wp-content\/smush-webp\/2023\/12\/LIEVITATORI.jpg.webp 1280w\" sizes=\"auto, (max-width: 1024px) 100vw, 1024px\" data-smush-webp-fallback=\"{&quot;src&quot;:&quot;https:\\\/\\\/www.yesovens.it\\\/wp-content\\\/uploads\\\/2023\\\/12\\\/LIEVITATORI-1024x576.jpg&quot;,&quot;srcset&quot;:&quot;https:\\\/\\\/www.yesovens.it\\\/wp-content\\\/uploads\\\/2023\\\/12\\\/LIEVITATORI-1024x576.jpg 1024w, https:\\\/\\\/www.yesovens.it\\\/wp-content\\\/uploads\\\/2023\\\/12\\\/LIEVITATORI-300x169.jpg 300w, https:\\\/\\\/www.yesovens.it\\\/wp-content\\\/uploads\\\/2023\\\/12\\\/LIEVITATORI-768x432.jpg 768w, https:\\\/\\\/www.yesovens.it\\\/wp-content\\\/uploads\\\/2023\\\/12\\\/LIEVITATORI-700x394.jpg 700w, https:\\\/\\\/www.yesovens.it\\\/wp-content\\\/uploads\\\/2023\\\/12\\\/LIEVITATORI-539x303.jpg 539w, https:\\\/\\\/www.yesovens.it\\\/wp-content\\\/uploads\\\/2023\\\/12\\\/LIEVITATORI.jpg 1280w&quot;}\" \/>\t\t\t\t\t\t\t\t\t\t\t\t\t\t\t<\/div>\n\t\t\t\t<\/div>\n\t\t\t\t<div class=\"elementor-element elementor-element-df3ce6f elementor-widget elementor-widget-text-editor\" data-id=\"df3ce6f\" data-element_type=\"widget\" data-e-type=\"widget\" data-widget_type=\"text-editor.default\">\n\t\t\t\t<div class=\"elementor-widget-container\">\n\t\t\t\t\t\t\t\t\t<h6><span style=\"color: #000000;\"><span style=\"font-weight: 400;\">Efficacit\u00e9 et pr\u00e9cision : choix entre la technologie num\u00e9rique et la technologie \u00e9lectrom\u00e9canique<\/span><\/span><\/h6>\t\t\t\t\t\t\t\t<\/div>\n\t\t\t\t<\/div>\n\t\t\t\t\t<\/div>\n\t\t<\/div>\n\t\t\t\t\t<\/div>\n\t\t<\/section>\n\t\t\t\t<section class=\"elementor-section elementor-top-section elementor-element elementor-element-48e3c85 elementor-section-full_width elementor-section-height-default elementor-section-height-default parallax_section_no qode_elementor_container_no\" data-id=\"48e3c85\" data-element_type=\"section\" data-e-type=\"section\" data-settings=\"{&quot;background_background&quot;:&quot;classic&quot;}\">\n\t\t\t\t\t\t<div class=\"elementor-container elementor-column-gap-default\">\n\t\t\t\t\t<div class=\"elementor-column elementor-col-100 elementor-top-column elementor-element elementor-element-6262f29\" data-id=\"6262f29\" data-element_type=\"column\" data-e-type=\"column\">\n\t\t\t<div class=\"elementor-widget-wrap elementor-element-populated\">\n\t\t\t\t\t\t<div class=\"elementor-element elementor-element-a0e7031 elementor-widget elementor-widget-text-editor\" data-id=\"a0e7031\" data-element_type=\"widget\" data-e-type=\"widget\" data-settings=\"{&quot;_animation&quot;:&quot;none&quot;}\" data-widget_type=\"text-editor.default\">\n\t\t\t\t<div class=\"elementor-widget-container\">\n\t\t\t\t\t\t\t\t\t<h3 style=\"text-align: center;\"><span style=\"color: #000000;\">Fiches techniques et manuels<\/span><\/h3>\n\t\t\t\t\t\t\t\t<\/div>\n\t\t\t\t<\/div>\n\t\t\t\t<div class=\"elementor-element elementor-element-51026b2 elementor-align-center elementor-widget elementor-widget-button\" data-id=\"51026b2\" data-element_type=\"widget\" data-e-type=\"widget\" data-widget_type=\"button.default\">\n\t\t\t\t<div class=\"elementor-widget-container\">\n\t\t\t\t\t\t\t\t\t<div class=\"elementor-button-wrapper\">\n\t\t\t\t\t<a class=\"elementor-button elementor-button-link elementor-size-sm elementor-animation-grow\" href=\"https:\/\/www.yesovens.it\/wp-content\/uploads\/2024\/01\/Proofers_BakeryLine_FRA.pdf\" target=\"_blank\">\n\t\t\t\t\t\t<span class=\"elementor-button-content-wrapper\">\n\t\t\t\t\t\t<span class=\"elementor-button-icon\">\n\t\t\t\t<i aria-hidden=\"true\" class=\"far fa-file-pdf\"><\/i>\t\t\t<\/span>\n\t\t\t\t\t\t\t\t\t<span class=\"elementor-button-text\">Chambre de pousse Flyer<\/span>\n\t\t\t\t\t<\/span>\n\t\t\t\t\t<\/a>\n\t\t\t\t<\/div>\n\t\t\t\t\t\t\t\t<\/div>\n\t\t\t\t<\/div>\n\t\t\t\t<div class=\"elementor-element elementor-element-2e2bbfb elementor-align-center elementor-widget elementor-widget-button\" data-id=\"2e2bbfb\" data-element_type=\"widget\" data-e-type=\"widget\" data-widget_type=\"button.default\">\n\t\t\t\t<div class=\"elementor-widget-container\">\n\t\t\t\t\t\t\t\t\t<div class=\"elementor-button-wrapper\">\n\t\t\t\t\t<a class=\"elementor-button elementor-button-link elementor-size-sm elementor-animation-grow\" href=\"https:\/\/www.yesovens.it\/wp-content\/uploads\/2024\/01\/393900141-1.pdf\" target=\"_blank\">\n\t\t\t\t\t\t<span class=\"elementor-button-content-wrapper\">\n\t\t\t\t\t\t<span class=\"elementor-button-icon\">\n\t\t\t\t<i aria-hidden=\"true\" class=\"far fa-file-pdf\"><\/i>\t\t\t<\/span>\n\t\t\t\t\t\t\t\t\t<span class=\"elementor-button-text\">Chambre de pousse fiche technique <\/span>\n\t\t\t\t\t<\/span>\n\t\t\t\t\t<\/a>\n\t\t\t\t<\/div>\n\t\t\t\t\t\t\t\t<\/div>\n\t\t\t\t<\/div>\n\t\t\t\t<div class=\"elementor-element elementor-element-5d3cbbb elementor-align-center elementor-widget elementor-widget-button\" data-id=\"5d3cbbb\" data-element_type=\"widget\" data-e-type=\"widget\" data-widget_type=\"button.default\">\n\t\t\t\t<div class=\"elementor-widget-container\">\n\t\t\t\t\t\t\t\t\t<div class=\"elementor-button-wrapper\">\n\t\t\t\t\t<a class=\"elementor-button elementor-button-link elementor-size-sm elementor-animation-grow\" href=\"https:\/\/www.yesovens.it\/wp-content\/uploads\/2024\/01\/353500068_IOM_Proofer_FR.pdf\" target=\"_blank\">\n\t\t\t\t\t\t<span class=\"elementor-button-content-wrapper\">\n\t\t\t\t\t\t<span class=\"elementor-button-icon\">\n\t\t\t\t<i aria-hidden=\"true\" class=\"far fa-file-pdf\"><\/i>\t\t\t<\/span>\n\t\t\t\t\t\t\t\t\t<span class=\"elementor-button-text\">Chambre de pousse manuel<\/span>\n\t\t\t\t\t<\/span>\n\t\t\t\t\t<\/a>\n\t\t\t\t<\/div>\n\t\t\t\t\t\t\t\t<\/div>\n\t\t\t\t<\/div>\n\t\t\t\t\t<\/div>\n\t\t<\/div>\n\t\t\t\t\t<\/div>\n\t\t<\/section>\n\t\t\t\t<section class=\"elementor-section elementor-top-section elementor-element elementor-element-bc384d1 animated-fast elementor-section-boxed elementor-section-height-default elementor-section-height-default parallax_section_no qode_elementor_container_no\" data-id=\"bc384d1\" data-element_type=\"section\" data-e-type=\"section\" data-settings=\"{&quot;background_background&quot;:&quot;classic&quot;,&quot;animation&quot;:&quot;none&quot;}\">\n\t\t\t\t\t\t\t<div class=\"elementor-background-overlay\"><\/div>\n\t\t\t\t\t\t\t<div class=\"elementor-container elementor-column-gap-default\">\n\t\t\t\t\t<div class=\"elementor-column elementor-col-100 elementor-top-column elementor-element elementor-element-486deef\" data-id=\"486deef\" data-element_type=\"column\" data-e-type=\"column\">\n\t\t\t<div class=\"elementor-widget-wrap elementor-element-populated\">\n\t\t\t\t\t\t<div class=\"elementor-element elementor-element-6dbdf73 elementor-widget elementor-widget-text-editor\" data-id=\"6dbdf73\" data-element_type=\"widget\" data-e-type=\"widget\" data-widget_type=\"text-editor.default\">\n\t\t\t\t<div class=\"elementor-widget-container\">\n\t\t\t\t\t\t\t\t\t<h3 style=\"text-align: center;\"><span style=\"font-weight: 400;\">Choisissez le four Yesovens qui vous convient le mieux<\/span><\/h3>\n\t\t\t\t\t\t\t\t<\/div>\n\t\t\t\t<\/div>\n\t\t\t\t<div class=\"elementor-element elementor-element-673a508 elementor-widget elementor-widget-text-editor\" data-id=\"673a508\" data-element_type=\"widget\" data-e-type=\"widget\" data-widget_type=\"text-editor.default\">\n\t\t\t\t<div class=\"elementor-widget-container\">\n\t\t\t\t\t\t\t\t\t<h6 style=\"text-align: center;\"><span style=\"font-weight: 400;\">En collaboration avec nos partenaires locaux, nous vous guiderons dans votre choix du four mixte professionnel le plus adapt\u00e9 \u00e0 vos besoins. Contactez-nous pour plus d&rsquo;informations. <\/span><\/h6>\n<h6> <\/h6>\n<h6 style=\"text-align: center;\"><span style=\"font-weight: 400;\"><strong>Contactez-nous<\/strong><\/span><\/h6>\n\t\t\t\t\t\t\t\t<\/div>\n\t\t\t\t<\/div>\n\t\t\t\t<div class=\"elementor-element elementor-element-5b1c26a elementor-widget elementor-widget-shortcode\" data-id=\"5b1c26a\" data-element_type=\"widget\" data-e-type=\"widget\" data-widget_type=\"shortcode.default\">\n\t\t\t\t<div class=\"elementor-widget-container\">\n\t\t\t\t\t\t\t<div class=\"elementor-shortcode\"><script charset=\"utf-8\" type=\"text\/javascript\" src=\"\/\/js-eu1.hsforms.net\/forms\/embed\/v2.js\"><\/script>\n<script>\n  hbspt.forms.create({\n    region: \"eu1\",\n    portalId: \"145537479\",\n    formId: \"c53c53dc-9f7e-4a0e-8a70-a7b418062ff9\"\n  });\n<\/script><\/div>\n\t\t\t\t\t\t<\/div>\n\t\t\t\t<\/div>\n\t\t\t\t\t<\/div>\n\t\t<\/div>\n\t\t\t\t\t<\/div>\n\t\t<\/section>\n\t\t\t\t<\/div>\n\t\t","protected":false},"excerpt":{"rendered":"<p>YESOVENS chambre de pousse Chambres de pouss\u00e9e num\u00e9rique et m\u00e9canique Notre chambre de pousse professionnelle est con\u00e7ue pour optimiser le processus de levage dans les cuisines professionnelles. Sa technologie de pointe acc\u00e9l\u00e8re la production et garantit des r\u00e9sultats constants, r\u00e9pondant ainsi aux exigences d&rsquo;efficacit\u00e9 et&#8230;<\/p>\n","protected":false},"author":7,"featured_media":0,"parent":0,"menu_order":0,"comment_status":"closed","ping_status":"closed","template":"full_width.php","meta":{"_acf_changed":false,"content-type":"","footnotes":""},"class_list":["post-89832","page","type-page","status-publish","hentry"],"acf":[],"_links":{"self":[{"href":"https:\/\/www.yesovens.it\/fr\/wp-json\/wp\/v2\/pages\/89832","targetHints":{"allow":["GET"]}}],"collection":[{"href":"https:\/\/www.yesovens.it\/fr\/wp-json\/wp\/v2\/pages"}],"about":[{"href":"https:\/\/www.yesovens.it\/fr\/wp-json\/wp\/v2\/types\/page"}],"author":[{"embeddable":true,"href":"https:\/\/www.yesovens.it\/fr\/wp-json\/wp\/v2\/users\/7"}],"replies":[{"embeddable":true,"href":"https:\/\/www.yesovens.it\/fr\/wp-json\/wp\/v2\/comments?post=89832"}],"version-history":[{"count":0,"href":"https:\/\/www.yesovens.it\/fr\/wp-json\/wp\/v2\/pages\/89832\/revisions"}],"wp:attachment":[{"href":"https:\/\/www.yesovens.it\/fr\/wp-json\/wp\/v2\/media?parent=89832"}],"curies":[{"name":"wp","href":"https:\/\/api.w.org\/{rel}","templated":true}]}}