{"id":10289,"date":"2021-11-10T09:42:44","date_gmt":"2021-11-10T08:42:44","guid":{"rendered":"https:\/\/www.yesovens.it\/contacts\/"},"modified":"2025-04-28T09:41:30","modified_gmt":"2025-04-28T07:41:30","slug":"contacts","status":"publish","type":"page","link":"https:\/\/www.yesovens.it\/fr\/contacts\/","title":{"rendered":"Contacts"},"content":{"rendered":"\t\t<div data-elementor-type=\"wp-page\" data-elementor-id=\"10289\" class=\"elementor elementor-10289 elementor-2700\" data-elementor-post-type=\"page\">\n\t\t\t\t\t\t<section class=\"elementor-section elementor-top-section elementor-element elementor-element-79f3e4c5 elementor-section-full_width elementor-hidden-tablet elementor-hidden-mobile elementor-section-height-default elementor-section-height-default parallax_section_no qode_elementor_container_no\" data-id=\"79f3e4c5\" data-element_type=\"section\" data-e-type=\"section\" data-settings=\"{&quot;background_background&quot;:&quot;classic&quot;}\">\n\t\t\t\t\t\t<div class=\"elementor-container elementor-column-gap-default\">\n\t\t\t\t\t<div class=\"elementor-column elementor-col-50 elementor-top-column elementor-element elementor-element-7ce5fe3d\" data-id=\"7ce5fe3d\" data-element_type=\"column\" data-e-type=\"column\" data-settings=\"{&quot;background_background&quot;:&quot;classic&quot;}\">\n\t\t\t<div class=\"elementor-widget-wrap elementor-element-populated\">\n\t\t\t\t\t\t<div class=\"elementor-element elementor-element-439fa315 elementor-widget elementor-widget-image\" data-id=\"439fa315\" data-element_type=\"widget\" data-e-type=\"widget\" data-settings=\"{&quot;_animation&quot;:&quot;none&quot;}\" data-widget_type=\"image.default\">\n\t\t\t\t<div class=\"elementor-widget-container\">\n\t\t\t\t\t\t\t\t\t\t\t\t\t\t\t<img loading=\"lazy\" decoding=\"async\" width=\"1200\" height=\"1027\" src=\"https:\/\/www.yesovens.it\/wp-content\/smush-webp\/2021\/10\/two-business-partners-working-office.jpg.webp\" class=\"attachment-full size-full wp-image-6042\" alt=\"\" srcset=\"https:\/\/www.yesovens.it\/wp-content\/smush-webp\/2021\/10\/two-business-partners-working-office.jpg.webp 1200w, https:\/\/www.yesovens.it\/wp-content\/smush-webp\/2021\/10\/two-business-partners-working-office-300x257.jpg.webp 300w, https:\/\/www.yesovens.it\/wp-content\/smush-webp\/2021\/10\/two-business-partners-working-office-1024x876.jpg.webp 1024w, https:\/\/www.yesovens.it\/wp-content\/smush-webp\/2021\/10\/two-business-partners-working-office-768x657.jpg.webp 768w, https:\/\/www.yesovens.it\/wp-content\/smush-webp\/2021\/10\/two-business-partners-working-office-700x599.jpg.webp 700w\" sizes=\"auto, (max-width: 1200px) 100vw, 1200px\" data-smush-webp-fallback=\"{&quot;src&quot;:&quot;https:\\\/\\\/www.yesovens.it\\\/wp-content\\\/uploads\\\/2021\\\/10\\\/two-business-partners-working-office.jpg&quot;,&quot;srcset&quot;:&quot;https:\\\/\\\/www.yesovens.it\\\/wp-content\\\/uploads\\\/2021\\\/10\\\/two-business-partners-working-office.jpg 1200w, https:\\\/\\\/www.yesovens.it\\\/wp-content\\\/uploads\\\/2021\\\/10\\\/two-business-partners-working-office-300x257.jpg 300w, https:\\\/\\\/www.yesovens.it\\\/wp-content\\\/uploads\\\/2021\\\/10\\\/two-business-partners-working-office-1024x876.jpg 1024w, https:\\\/\\\/www.yesovens.it\\\/wp-content\\\/uploads\\\/2021\\\/10\\\/two-business-partners-working-office-768x657.jpg 768w, https:\\\/\\\/www.yesovens.it\\\/wp-content\\\/uploads\\\/2021\\\/10\\\/two-business-partners-working-office-700x599.jpg 700w&quot;}\" \/>\t\t\t\t\t\t\t\t\t\t\t\t\t\t\t<\/div>\n\t\t\t\t<\/div>\n\t\t\t\t\t<\/div>\n\t\t<\/div>\n\t\t\t\t<div class=\"elementor-column elementor-col-50 elementor-top-column elementor-element elementor-element-b23c3eb\" data-id=\"b23c3eb\" data-element_type=\"column\" data-e-type=\"column\" data-settings=\"{&quot;background_background&quot;:&quot;classic&quot;}\">\n\t\t\t<div class=\"elementor-widget-wrap elementor-element-populated\">\n\t\t\t\t\t\t<div class=\"elementor-element elementor-element-722e0f23 elementor-widget elementor-widget-qi_addons_for_elementor_text_marquee\" data-id=\"722e0f23\" data-element_type=\"widget\" data-e-type=\"widget\" data-widget_type=\"qi_addons_for_elementor_text_marquee.default\">\n\t\t\t\t<div class=\"elementor-widget-container\">\n\t\t\t\t\t<div class=\"qodef-shortcode qodef-m qodef-qi-text-marquee qodef-layout--default\">\n\t<div class=\"qodef-m-content\">\n\t\t<div class=\"qodef-m-text qodef-text--original\">\n\t\t\t\t\t\t\t<span class=\"qodef-m-text-item elementor-repeater-item-a2f00f9\" >A ta disposition<\/span>\n\t\t\t\t\t\t\t\t\t<\/div>\n\t\t<div class=\"qodef-m-text qodef-text--copy\">\n\t\t\t\t\t\t\t<span class=\"qodef-m-text-item elementor-repeater-item-a2f00f9\" >A ta disposition<\/span>\n\t\t\t\t\t\t\t\t\t<\/div>\n\t<\/div>\n<\/div>\n\t\t\t\t<\/div>\n\t\t\t\t<\/div>\n\t\t\t\t<div class=\"elementor-element elementor-element-f71c6b7 elementor-widget elementor-widget-heading\" data-id=\"f71c6b7\" data-element_type=\"widget\" data-e-type=\"widget\" data-widget_type=\"heading.default\">\n\t\t\t\t<div class=\"elementor-widget-container\">\n\t\t\t\t\t<h1 class=\"elementor-heading-title elementor-size-default\">O\u00f9 sommes-nous et comment nous contacter<\/h1>\t\t\t\t<\/div>\n\t\t\t\t<\/div>\n\t\t\t\t<div class=\"elementor-element elementor-element-8e55764 elementor-widget elementor-widget-wp-widget-bcn_widget\" data-id=\"8e55764\" data-element_type=\"widget\" data-e-type=\"widget\" data-widget_type=\"wp-widget-bcn_widget.default\">\n\t\t\t\t<div class=\"elementor-widget-container\">\n\t\t\t\t\t<div class=\"breadcrumbs\" vocab=\"https:\/\/schema.org\/\" typeof=\"BreadcrumbList\"><span property=\"itemListElement\" typeof=\"ListItem\"><a property=\"item\" typeof=\"WebPage\" title=\"Aller \u00e0 YesOvens.\" href=\"https:\/\/www.yesovens.it\/fr\/\" class=\"home\" aria-current=\"page\"><span property=\"name\">YesOvens<\/span><\/a><meta property=\"position\" content=\"1\"><\/span><\/div>\t\t\t\t<\/div>\n\t\t\t\t<\/div>\n\t\t\t\t\t<\/div>\n\t\t<\/div>\n\t\t\t\t\t<\/div>\n\t\t<\/section>\n\t\t\t\t<section class=\"elementor-section elementor-top-section elementor-element elementor-element-519911ab elementor-section-full_width elementor-section-height-default elementor-section-height-default parallax_section_no qode_elementor_container_no\" data-id=\"519911ab\" data-element_type=\"section\" data-e-type=\"section\" data-settings=\"{&quot;background_background&quot;:&quot;classic&quot;}\">\n\t\t\t\t\t\t<div class=\"elementor-container elementor-column-gap-narrow\">\n\t\t\t\t\t<div class=\"elementor-column elementor-col-50 elementor-top-column elementor-element elementor-element-3fc506e3\" data-id=\"3fc506e3\" data-element_type=\"column\" data-e-type=\"column\" data-settings=\"{&quot;background_background&quot;:&quot;classic&quot;}\">\n\t\t\t<div class=\"elementor-widget-wrap elementor-element-populated\">\n\t\t\t\t\t\t<div class=\"elementor-element elementor-element-79bceb24 elementor-invisible elementor-widget elementor-widget-image\" data-id=\"79bceb24\" data-element_type=\"widget\" data-e-type=\"widget\" data-settings=\"{&quot;_animation&quot;:&quot;slideInUp&quot;}\" data-widget_type=\"image.default\">\n\t\t\t\t<div class=\"elementor-widget-container\">\n\t\t\t\t\t\t\t\t\t\t\t\t\t\t\t<img loading=\"lazy\" decoding=\"async\" width=\"800\" height=\"751\" src=\"https:\/\/www.yesovens.it\/wp-content\/uploads\/2021\/10\/illustrazione-4.png\" class=\"attachment-large size-large wp-image-2197\" alt=\"\" srcset=\"https:\/\/www.yesovens.it\/wp-content\/uploads\/2021\/10\/illustrazione-4.png 800w, https:\/\/www.yesovens.it\/wp-content\/smush-webp\/2021\/10\/illustrazione-4-300x282.png.webp 300w, https:\/\/www.yesovens.it\/wp-content\/smush-webp\/2021\/10\/illustrazione-4-768x721.png.webp 768w, https:\/\/www.yesovens.it\/wp-content\/smush-webp\/2021\/10\/illustrazione-4-700x657.png.webp 700w\" sizes=\"auto, (max-width: 800px) 100vw, 800px\" data-smush-webp-fallback=\"{&quot;srcset&quot;:&quot;https:\\\/\\\/www.yesovens.it\\\/wp-content\\\/uploads\\\/2021\\\/10\\\/illustrazione-4.png 800w, https:\\\/\\\/www.yesovens.it\\\/wp-content\\\/uploads\\\/2021\\\/10\\\/illustrazione-4-300x282.png 300w, https:\\\/\\\/www.yesovens.it\\\/wp-content\\\/uploads\\\/2021\\\/10\\\/illustrazione-4-768x721.png 768w, https:\\\/\\\/www.yesovens.it\\\/wp-content\\\/uploads\\\/2021\\\/10\\\/illustrazione-4-700x657.png 700w&quot;}\" \/>\t\t\t\t\t\t\t\t\t\t\t\t\t\t\t<\/div>\n\t\t\t\t<\/div>\n\t\t\t\t\t<\/div>\n\t\t<\/div>\n\t\t\t\t<div class=\"elementor-column elementor-col-50 elementor-top-column elementor-element elementor-element-10cbd0bf\" data-id=\"10cbd0bf\" data-element_type=\"column\" data-e-type=\"column\" data-settings=\"{&quot;background_background&quot;:&quot;classic&quot;}\">\n\t\t\t<div class=\"elementor-widget-wrap\">\n\t\t\t\t\t\t\t<\/div>\n\t\t<\/div>\n\t\t\t\t\t<\/div>\n\t\t<\/section>\n\t\t\t\t<section class=\"elementor-section elementor-top-section elementor-element elementor-element-3761bb68 elementor-section-boxed elementor-section-height-default elementor-section-height-default parallax_section_no qode_elementor_container_no\" data-id=\"3761bb68\" data-element_type=\"section\" data-e-type=\"section\" data-settings=\"{&quot;background_background&quot;:&quot;classic&quot;}\">\n\t\t\t\t\t\t<div class=\"elementor-container elementor-column-gap-default\">\n\t\t\t\t\t<div class=\"elementor-column elementor-col-100 elementor-top-column elementor-element elementor-element-39dd35b8\" data-id=\"39dd35b8\" data-element_type=\"column\" data-e-type=\"column\">\n\t\t\t<div class=\"elementor-widget-wrap elementor-element-populated\">\n\t\t\t\t\t\t<div class=\"elementor-element elementor-element-252a8779 elementor-widget elementor-widget-heading\" data-id=\"252a8779\" data-element_type=\"widget\" data-e-type=\"widget\" data-widget_type=\"heading.default\">\n\t\t\t\t<div class=\"elementor-widget-container\">\n\t\t\t\t\t<p class=\"elementor-heading-title elementor-size-default\">Yesovens<\/p>\t\t\t\t<\/div>\n\t\t\t\t<\/div>\n\t\t\t\t<div class=\"elementor-element elementor-element-2bc12ce elementor-widget elementor-widget-text-editor\" data-id=\"2bc12ce\" data-element_type=\"widget\" data-e-type=\"widget\" data-widget_type=\"text-editor.default\">\n\t\t\t\t<div class=\"elementor-widget-container\">\n\t\t\t\t\t\t\t\t\t<h3 style=\"text-align: center;\"><span style=\"font-weight: 400; color: #000000;\">Made in Italy<\/span><\/h3>\n\t\t\t\t\t\t\t\t<\/div>\n\t\t\t\t<\/div>\n\t\t\t\t\t<\/div>\n\t\t<\/div>\n\t\t\t\t\t<\/div>\n\t\t<\/section>\n\t\t\t\t<section class=\"elementor-section elementor-top-section elementor-element elementor-element-05ca377 elementor-section-full_width elementor-section-height-default elementor-section-height-default parallax_section_no qode_elementor_container_no\" data-id=\"05ca377\" data-element_type=\"section\" data-e-type=\"section\" data-settings=\"{&quot;background_background&quot;:&quot;classic&quot;}\">\n\t\t\t\t\t\t<div class=\"elementor-container elementor-column-gap-default\">\n\t\t\t\t\t<div class=\"elementor-column elementor-col-50 elementor-top-column elementor-element elementor-element-c308cda\" data-id=\"c308cda\" data-element_type=\"column\" data-e-type=\"column\">\n\t\t\t<div class=\"elementor-widget-wrap elementor-element-populated\">\n\t\t\t\t\t\t<div class=\"elementor-element elementor-element-4a893d1 elementor-widget elementor-widget-text-editor\" data-id=\"4a893d1\" data-element_type=\"widget\" data-e-type=\"widget\" data-widget_type=\"text-editor.default\">\n\t\t\t\t<div class=\"elementor-widget-container\">\n\t\t\t\t\t\t\t\t\t<p><span style=\"font-weight: 300; color: #000000;\">Nous sommes une entreprise italienne avec une \u00e2me internationale.<\/span> <span style=\"color: #000000;\"><span style=\"font-weight: 300;\">Pour cette raison, nos<\/span> <b>fours pro<\/b> <span style=\"font-weight: 300;\">sont fabriqu\u00e9s en Italie et<\/span> <b>distribu\u00e9s dans le monde entier<\/b><\/span><\/p>\n\t\t\t\t\t\t\t\t<\/div>\n\t\t\t\t<\/div>\n\t\t\t\t\t<\/div>\n\t\t<\/div>\n\t\t\t\t<div class=\"elementor-column elementor-col-50 elementor-top-column elementor-element elementor-element-7de607e\" data-id=\"7de607e\" data-element_type=\"column\" data-e-type=\"column\">\n\t\t\t<div class=\"elementor-widget-wrap elementor-element-populated\">\n\t\t\t\t\t\t<div class=\"elementor-element elementor-element-7ddc609 elementor-widget elementor-widget-text-editor\" data-id=\"7ddc609\" data-element_type=\"widget\" data-e-type=\"widget\" data-widget_type=\"text-editor.default\">\n\t\t\t\t<div class=\"elementor-widget-container\">\n\t\t\t\t\t\t\t\t\t<p><span style=\"color: #000000;\"><span style=\"font-weight: 300;\">et sont reconnus comme synonymes de qualit\u00e9, de design, <strong>d&rsquo;innovation<\/strong> et de fiabilit\u00e9&nbsp;<strong>100% Made in Italy.<\/strong><\/span><\/span><\/p>\t\t\t\t\t\t\t\t<\/div>\n\t\t\t\t<\/div>\n\t\t\t\t<div class=\"elementor-element elementor-element-6c9ec6d elementor-widget elementor-widget-spacer\" data-id=\"6c9ec6d\" data-element_type=\"widget\" data-e-type=\"widget\" data-widget_type=\"spacer.default\">\n\t\t\t\t<div class=\"elementor-widget-container\">\n\t\t\t\t\t\t\t<div class=\"elementor-spacer\">\n\t\t\t<div class=\"elementor-spacer-inner\"><\/div>\n\t\t<\/div>\n\t\t\t\t\t\t<\/div>\n\t\t\t\t<\/div>\n\t\t\t\t\t<\/div>\n\t\t<\/div>\n\t\t\t\t\t<\/div>\n\t\t<\/section>\n\t\t\t\t<section class=\"elementor-section elementor-top-section elementor-element elementor-element-45236afb elementor-section-full_width elementor-section-height-default elementor-section-height-default parallax_section_no qode_elementor_container_no\" data-id=\"45236afb\" data-element_type=\"section\" data-e-type=\"section\" data-settings=\"{&quot;background_background&quot;:&quot;classic&quot;}\">\n\t\t\t\t\t\t<div class=\"elementor-container elementor-column-gap-default\">\n\t\t\t\t\t<div class=\"elementor-column elementor-col-50 elementor-top-column elementor-element elementor-element-4fa9de\" data-id=\"4fa9de\" data-element_type=\"column\" data-e-type=\"column\" data-settings=\"{&quot;background_background&quot;:&quot;classic&quot;}\">\n\t\t\t<div class=\"elementor-widget-wrap elementor-element-populated\">\n\t\t\t\t\t\t<div class=\"elementor-element elementor-element-3f103c2 elementor-widget elementor-widget-text-editor\" data-id=\"3f103c2\" data-element_type=\"widget\" data-e-type=\"widget\" data-widget_type=\"text-editor.default\">\n\t\t\t\t<div class=\"elementor-widget-container\">\n\t\t\t\t\t\t\t\t\t<h3><span style=\"font-weight: 400;\">Nos distributeurs dans le monde<\/span><\/h3>\n\t\t\t\t\t\t\t\t<\/div>\n\t\t\t\t<\/div>\n\t\t\t\t<div class=\"elementor-element elementor-element-2662236f elementor-widget elementor-widget-text-editor\" data-id=\"2662236f\" data-element_type=\"widget\" data-e-type=\"widget\" data-widget_type=\"text-editor.default\">\n\t\t\t\t<div class=\"elementor-widget-container\">\n\t\t\t\t\t\t\t\t\t<p><span style=\"font-weight: 300;\">Gr\u00e2ce \u00e0 la <\/span><b>pr\u00e9cieuse collaboration avec les importateurs et les d\u00e9taillants<\/b><span style=\"font-weight: 300;\">, qui contribuent activement \u00e0 la croissance de notre entreprise et au d\u00e9veloppement de nouvelles solutions, <\/span> <\/p>\n<p><span style=\"font-weight: 300;\">nous sommes pr\u00e9sents sur les principaux march\u00e9s <\/span><b> d&rsquo;Asie du Sud-Est<\/b><span style=\"font-weight: 300;\">, du<\/span><b>Moyen-Orient<\/b><span style=\"font-weight: 300;\"> et<\/span><b>Europe<\/b><span style=\"font-weight: 300;\">, et aussi en <\/span><b>Afrique du Nord et du Sud<\/b><span style=\"font-weight: 300;\"> et dans les principaux <\/span><b> pays d&rsquo;Am\u00e9rique Latine. <\/b> <\/p>\n<p><span style=\"font-weight: 300;\">Nous sommes toujours \u00e0 la recherche de nouveaux Partenaires qui peuvent partager nos valeurs et notre vision et nous accueillons toujours les commentaires et suggestions des Chefs et Ma\u00eetres P\u00e2tissiers qui peuvent nous aider \u00e0 am\u00e9liorer encore notre offre de produits.<\/span><\/p>\n\t\t\t\t\t\t\t\t<\/div>\n\t\t\t\t<\/div>\n\t\t\t\t\t<\/div>\n\t\t<\/div>\n\t\t\t\t<div class=\"elementor-column elementor-col-50 elementor-top-column elementor-element elementor-element-2fd1a779\" data-id=\"2fd1a779\" data-element_type=\"column\" data-e-type=\"column\" data-settings=\"{&quot;background_background&quot;:&quot;gradient&quot;}\">\n\t\t\t<div class=\"elementor-widget-wrap elementor-element-populated\">\n\t\t\t\t\t\t<div class=\"elementor-element elementor-element-96103a4 elementor-widget elementor-widget-image\" data-id=\"96103a4\" data-element_type=\"widget\" data-e-type=\"widget\" data-settings=\"{&quot;_animation&quot;:&quot;none&quot;}\" data-widget_type=\"image.default\">\n\t\t\t\t<div class=\"elementor-widget-container\">\n\t\t\t\t\t\t\t\t\t\t\t\t\t\t\t<img loading=\"lazy\" decoding=\"async\" width=\"1200\" height=\"765\" src=\"https:\/\/www.yesovens.it\/wp-content\/smush-webp\/2021\/10\/business-people-shajjking-hands-greeting.jpg.webp\" class=\"attachment-full size-full wp-image-4787\" alt=\"\" srcset=\"https:\/\/www.yesovens.it\/wp-content\/smush-webp\/2021\/10\/business-people-shajjking-hands-greeting.jpg.webp 1200w, https:\/\/www.yesovens.it\/wp-content\/smush-webp\/2021\/10\/business-people-shajjking-hands-greeting-300x191.jpg.webp 300w, https:\/\/www.yesovens.it\/wp-content\/smush-webp\/2021\/10\/business-people-shajjking-hands-greeting-1024x653.jpg.webp 1024w, https:\/\/www.yesovens.it\/wp-content\/smush-webp\/2021\/10\/business-people-shajjking-hands-greeting-768x490.jpg.webp 768w, https:\/\/www.yesovens.it\/wp-content\/smush-webp\/2021\/10\/business-people-shajjking-hands-greeting-700x446.jpg.webp 700w\" sizes=\"auto, (max-width: 1200px) 100vw, 1200px\" data-smush-webp-fallback=\"{&quot;src&quot;:&quot;https:\\\/\\\/www.yesovens.it\\\/wp-content\\\/uploads\\\/2021\\\/10\\\/business-people-shajjking-hands-greeting.jpg&quot;,&quot;srcset&quot;:&quot;https:\\\/\\\/www.yesovens.it\\\/wp-content\\\/uploads\\\/2021\\\/10\\\/business-people-shajjking-hands-greeting.jpg 1200w, https:\\\/\\\/www.yesovens.it\\\/wp-content\\\/uploads\\\/2021\\\/10\\\/business-people-shajjking-hands-greeting-300x191.jpg 300w, https:\\\/\\\/www.yesovens.it\\\/wp-content\\\/uploads\\\/2021\\\/10\\\/business-people-shajjking-hands-greeting-1024x653.jpg 1024w, https:\\\/\\\/www.yesovens.it\\\/wp-content\\\/uploads\\\/2021\\\/10\\\/business-people-shajjking-hands-greeting-768x490.jpg 768w, https:\\\/\\\/www.yesovens.it\\\/wp-content\\\/uploads\\\/2021\\\/10\\\/business-people-shajjking-hands-greeting-700x446.jpg 700w&quot;}\" \/>\t\t\t\t\t\t\t\t\t\t\t\t\t\t\t<\/div>\n\t\t\t\t<\/div>\n\t\t\t\t<div class=\"elementor-element elementor-element-35c72aa6 elementor-widget elementor-widget-text-editor\" data-id=\"35c72aa6\" data-element_type=\"widget\" data-e-type=\"widget\" data-widget_type=\"text-editor.default\">\n\t\t\t\t<div class=\"elementor-widget-container\">\n\t\t\t\t\t\t\t\t\t<h6 style=\"text-align: left;\"><span style=\"font-weight: 400;\"><span style=\"color: #000000;\">\u00c9crivez-nous ou appelez-nous<\/span> <\/span><\/h6>\n\t\t\t\t\t\t\t\t<\/div>\n\t\t\t\t<\/div>\n\t\t\t\t<div class=\"elementor-element elementor-element-f6b64a0 elementor-widget elementor-widget-text-editor\" data-id=\"f6b64a0\" data-element_type=\"widget\" data-e-type=\"widget\" data-widget_type=\"text-editor.default\">\n\t\t\t\t<div class=\"elementor-widget-container\">\n\t\t\t\t\t\t\t\t\t<p><span style=\"color: #000000;\"><span style=\"font-weight: 300;\">Si vous souhaitez recevoir de plus amples informations sur nos fours professionnels et le r\u00e9seau de distribution Yesovens, ou simplement laisser une suggestion<\/span><\/span><\/p>\n\t\t\t\t\t\t\t\t<\/div>\n\t\t\t\t<\/div>\n\t\t\t\t\t<\/div>\n\t\t<\/div>\n\t\t\t\t\t<\/div>\n\t\t<\/section>\n\t\t\t\t<section class=\"elementor-section elementor-top-section elementor-element elementor-element-1eb7643c animated-fast elementor-section-boxed elementor-section-height-default elementor-section-height-default parallax_section_no qode_elementor_container_no\" data-id=\"1eb7643c\" data-element_type=\"section\" data-e-type=\"section\" id=\"form\" data-settings=\"{&quot;background_background&quot;:&quot;classic&quot;,&quot;animation&quot;:&quot;none&quot;}\">\n\t\t\t\t\t\t\t<div class=\"elementor-background-overlay\"><\/div>\n\t\t\t\t\t\t\t<div class=\"elementor-container elementor-column-gap-default\">\n\t\t\t\t\t<div class=\"elementor-column elementor-col-100 elementor-top-column elementor-element elementor-element-683e8ea0\" data-id=\"683e8ea0\" data-element_type=\"column\" data-e-type=\"column\">\n\t\t\t<div class=\"elementor-widget-wrap elementor-element-populated\">\n\t\t\t\t\t\t<div class=\"elementor-element elementor-element-5cb3d4e5 elementor-widget elementor-widget-text-editor\" data-id=\"5cb3d4e5\" data-element_type=\"widget\" data-e-type=\"widget\" data-widget_type=\"text-editor.default\">\n\t\t\t\t<div class=\"elementor-widget-container\">\n\t\t\t\t\t\t\t\t\t<h3 style=\"text-align: center;\"><span style=\"font-weight: 400;\">Remplissez le formulaire!<\/span><\/h3>\n\t\t\t\t\t\t\t\t<\/div>\n\t\t\t\t<\/div>\n\t\t\t\t<div class=\"elementor-element elementor-element-fa62408 elementor-widget elementor-widget-text-editor\" data-id=\"fa62408\" data-element_type=\"widget\" data-e-type=\"widget\" data-widget_type=\"text-editor.default\">\n\t\t\t\t<div class=\"elementor-widget-container\">\n\t\t\t\t\t\t\t\t\t<h6 style=\"text-align: center;\">remplissez le formulaire ci-dessous en indiquant toutes vos donn\u00e9es ou <a href=\"tel:0499336455\">appelez le 39.049.9336455<\/a>, nous vous r\u00e9pondrons dans les 24 heures apr\u00e8s r\u00e9ception de votre message.<\/h6>\n\t\t\t\t\t\t\t\t<\/div>\n\t\t\t\t<\/div>\n\t\t\t\t<div class=\"elementor-element elementor-element-3e50eb7 elementor-widget elementor-widget-shortcode\" data-id=\"3e50eb7\" data-element_type=\"widget\" data-e-type=\"widget\" data-widget_type=\"shortcode.default\">\n\t\t\t\t<div class=\"elementor-widget-container\">\n\t\t\t\t\t\t\t<div class=\"elementor-shortcode\"><script charset=\"utf-8\" type=\"text\/javascript\" src=\"\/\/js-eu1.hsforms.net\/forms\/embed\/v2.js\"><\/script>\n<script>\n  hbspt.forms.create({\n    region: \"eu1\",\n    portalId: \"145537479\",\n    formId: \"c53c53dc-9f7e-4a0e-8a70-a7b418062ff9\"\n  });\n<\/script><\/div>\n\t\t\t\t\t\t<\/div>\n\t\t\t\t<\/div>\n\t\t\t\t\t<\/div>\n\t\t<\/div>\n\t\t\t\t\t<\/div>\n\t\t<\/section>\n\t\t\t\t<section class=\"elementor-section elementor-top-section elementor-element elementor-element-64ea703 elementor-section-full_width elementor-section-height-default elementor-section-height-default parallax_section_no qode_elementor_container_no\" data-id=\"64ea703\" data-element_type=\"section\" data-e-type=\"section\" data-settings=\"{&quot;background_background&quot;:&quot;classic&quot;}\">\n\t\t\t\t\t\t<div class=\"elementor-container elementor-column-gap-default\">\n\t\t\t\t\t<div class=\"elementor-column elementor-col-50 elementor-top-column elementor-element elementor-element-b0e0fb2\" data-id=\"b0e0fb2\" data-element_type=\"column\" data-e-type=\"column\">\n\t\t\t<div class=\"elementor-widget-wrap elementor-element-populated\">\n\t\t\t\t\t\t<div class=\"elementor-element elementor-element-83423b3 elementor-widget elementor-widget-heading\" data-id=\"83423b3\" data-element_type=\"widget\" data-e-type=\"widget\" data-widget_type=\"heading.default\">\n\t\t\t\t<div class=\"elementor-widget-container\">\n\t\t\t\t\t<p class=\"elementor-heading-title elementor-size-default\">O\u00f9 sommes-nous<\/p>\t\t\t\t<\/div>\n\t\t\t\t<\/div>\n\t\t\t\t<div class=\"elementor-element elementor-element-29acc55 elementor-align-left elementor-widget elementor-widget-button\" data-id=\"29acc55\" data-element_type=\"widget\" data-e-type=\"widget\" data-widget_type=\"button.default\">\n\t\t\t\t<div class=\"elementor-widget-container\">\n\t\t\t\t\t\t\t\t\t<div class=\"elementor-button-wrapper\">\n\t\t\t\t\t<a class=\"elementor-button elementor-button-link elementor-size-sm\" href=\"#map\">\n\t\t\t\t\t\t<span class=\"elementor-button-content-wrapper\">\n\t\t\t\t\t\t<span class=\"elementor-button-icon\">\n\t\t\t\t<i aria-hidden=\"true\" class=\"fas fa-map-marker-alt\"><\/i>\t\t\t<\/span>\n\t\t\t\t\t\t\t\t\t<span class=\"elementor-button-text\">Consulter la carte<\/span>\n\t\t\t\t\t<\/span>\n\t\t\t\t\t<\/a>\n\t\t\t\t<\/div>\n\t\t\t\t\t\t\t\t<\/div>\n\t\t\t\t<\/div>\n\t\t\t\t\t<\/div>\n\t\t<\/div>\n\t\t\t\t<div class=\"elementor-column elementor-col-50 elementor-top-column elementor-element elementor-element-b0fa6bb\" data-id=\"b0fa6bb\" data-element_type=\"column\" data-e-type=\"column\">\n\t\t\t<div class=\"elementor-widget-wrap elementor-element-populated\">\n\t\t\t\t\t\t<div class=\"elementor-element elementor-element-5e7ce66 elementor-widget elementor-widget-text-editor\" data-id=\"5e7ce66\" data-element_type=\"widget\" data-e-type=\"widget\" data-widget_type=\"text-editor.default\">\n\t\t\t\t<div class=\"elementor-widget-container\">\n\t\t\t\t\t\t\t\t\t<p><span style=\"color: #000000;\"><span style=\"font-weight: 300;\">S<span style=\"font-weight: 300;\">i vous voulez savoir o\u00f9 nous sommes ou avez besoin de conna\u00eetre nos coordonn\u00e9es en Italie, vous pouvez consulter la carte ci-dessous: vous y trouverez <\/span><b>l&rsquo;adresse compl\u00e8te<\/b><span style=\"font-weight: 300;\"> et l&rsquo;itin\u00e9raire pour nous rejoindre. <\/span><\/span><\/span><\/p>\n\t\t\t\t\t\t\t\t<\/div>\n\t\t\t\t<\/div>\n\t\t\t\t<div class=\"elementor-element elementor-element-5e77196 elementor-widget elementor-widget-spacer\" data-id=\"5e77196\" data-element_type=\"widget\" data-e-type=\"widget\" data-widget_type=\"spacer.default\">\n\t\t\t\t<div class=\"elementor-widget-container\">\n\t\t\t\t\t\t\t<div class=\"elementor-spacer\">\n\t\t\t<div class=\"elementor-spacer-inner\"><\/div>\n\t\t<\/div>\n\t\t\t\t\t\t<\/div>\n\t\t\t\t<\/div>\n\t\t\t\t\t<\/div>\n\t\t<\/div>\n\t\t\t\t\t<\/div>\n\t\t<\/section>\n\t\t\t\t<\/div>\n\t\t","protected":false},"excerpt":{"rendered":"<p>A ta disposition A ta disposition O\u00f9 sommes-nous et comment nous contacter Yesovens Made in Italy Nous sommes une entreprise italienne avec une \u00e2me internationale. Pour cette raison, nos fours pro sont fabriqu\u00e9s en Italie et distribu\u00e9s dans le monde entier et sont reconnus comme&#8230;<\/p>\n","protected":false},"author":1,"featured_media":0,"parent":0,"menu_order":0,"comment_status":"closed","ping_status":"closed","template":"full_width.php","meta":{"_acf_changed":false,"content-type":"","footnotes":""},"class_list":["post-10289","page","type-page","status-publish","hentry"],"acf":[],"_links":{"self":[{"href":"https:\/\/www.yesovens.it\/fr\/wp-json\/wp\/v2\/pages\/10289","targetHints":{"allow":["GET"]}}],"collection":[{"href":"https:\/\/www.yesovens.it\/fr\/wp-json\/wp\/v2\/pages"}],"about":[{"href":"https:\/\/www.yesovens.it\/fr\/wp-json\/wp\/v2\/types\/page"}],"author":[{"embeddable":true,"href":"https:\/\/www.yesovens.it\/fr\/wp-json\/wp\/v2\/users\/1"}],"replies":[{"embeddable":true,"href":"https:\/\/www.yesovens.it\/fr\/wp-json\/wp\/v2\/comments?post=10289"}],"version-history":[{"count":0,"href":"https:\/\/www.yesovens.it\/fr\/wp-json\/wp\/v2\/pages\/10289\/revisions"}],"wp:attachment":[{"href":"https:\/\/www.yesovens.it\/fr\/wp-json\/wp\/v2\/media?parent=10289"}],"curies":[{"name":"wp","href":"https:\/\/api.w.org\/{rel}","templated":true}]}}