{"id":90198,"date":"2024-02-05T11:31:20","date_gmt":"2024-02-05T10:31:20","guid":{"rendered":"https:\/\/www.yesovens.it\/?page_id=90198"},"modified":"2025-05-13T11:25:19","modified_gmt":"2025-05-13T09:25:19","slug":"hauben","status":"publish","type":"page","link":"https:\/\/www.yesovens.it\/de\/hauben\/","title":{"rendered":"Hauben"},"content":{"rendered":"\t\t<div data-elementor-type=\"wp-page\" data-elementor-id=\"90198\" class=\"elementor elementor-90198 elementor-87395\" data-elementor-post-type=\"page\">\n\t\t\t\t\t\t<section class=\"elementor-section elementor-top-section elementor-element elementor-element-490d62f elementor-section-boxed elementor-section-height-default elementor-section-height-default parallax_section_no qode_elementor_container_no\" data-id=\"490d62f\" data-element_type=\"section\" data-e-type=\"section\">\n\t\t\t\t\t\t<div class=\"elementor-container elementor-column-gap-default\">\n\t\t\t\t\t<div class=\"elementor-column elementor-col-100 elementor-top-column elementor-element elementor-element-033eedf\" data-id=\"033eedf\" data-element_type=\"column\" data-e-type=\"column\">\n\t\t\t<div class=\"elementor-widget-wrap\">\n\t\t\t\t\t\t\t<\/div>\n\t\t<\/div>\n\t\t\t\t\t<\/div>\n\t\t<\/section>\n\t\t\t\t<section class=\"elementor-section elementor-top-section elementor-element elementor-element-328b5e3 elementor-section-full_width elementor-section-height-default elementor-section-height-default parallax_section_no qode_elementor_container_no\" data-id=\"328b5e3\" data-element_type=\"section\" data-e-type=\"section\">\n\t\t\t\t\t\t<div class=\"elementor-container elementor-column-gap-default\">\n\t\t\t\t\t<div class=\"elementor-column elementor-col-50 elementor-top-column elementor-element elementor-element-6535568\" data-id=\"6535568\" data-element_type=\"column\" data-e-type=\"column\" data-settings=\"{&quot;background_background&quot;:&quot;classic&quot;}\">\n\t\t\t<div class=\"elementor-widget-wrap elementor-element-populated\">\n\t\t\t\t\t\t<div class=\"elementor-element elementor-element-541bab1 elementor-widget elementor-widget-heading\" data-id=\"541bab1\" data-element_type=\"widget\" data-e-type=\"widget\" data-widget_type=\"heading.default\">\n\t\t\t\t<div class=\"elementor-widget-container\">\n\t\t\t\t\t<p class=\"elementor-heading-title elementor-size-default\">YESOVENS Hauben<\/p>\t\t\t\t<\/div>\n\t\t\t\t<\/div>\n\t\t\t\t<div class=\"elementor-element elementor-element-c49c5fe elementor-widget elementor-widget-text-editor\" data-id=\"c49c5fe\" data-element_type=\"widget\" data-e-type=\"widget\" data-widget_type=\"text-editor.default\">\n\t\t\t\t<div class=\"elementor-widget-container\">\n\t\t\t\t\t\t\t\t\t<h3><span style=\"font-weight: 400;\">Kondenswasser- und Abzugshaube<\/span><\/h3>\n\t\t\t\t\t\t\t\t<\/div>\n\t\t\t\t<\/div>\n\t\t\t\t<div class=\"elementor-element elementor-element-7be4f5d elementor-widget elementor-widget-text-editor\" data-id=\"7be4f5d\" data-element_type=\"widget\" data-e-type=\"widget\" data-widget_type=\"text-editor.default\">\n\t\t\t\t<div class=\"elementor-widget-container\">\n\t\t\t\t\t\t\t\t\t<p>Die elektromechanischen Dunstabzugshauben von Yesovens sind so konzipiert, dass sie hervorragende Leistungen erbringen und ein kompromissloses Kocherlebnis garantieren.<br><\/p>\n<p>Entfernt schnell und effektiv Dampf aus Schornsteinen und Feuchtigkeit aus der Ofent\u00fcr.<\/p>\n<p>Ausgestattet mit einer robusten Struktur aus Edelstahl 304, die St\u00e4rke und Haltbarkeit garantiert.<\/p>\n<p><br><\/p>\n<p>Auch f\u00fcr den EGO SLIM compact 6-Backofen ist eine ma\u00dfgeschneiderte Version erh\u00e4ltlich.<\/p>\n<p><\/p>\t\t\t\t\t\t\t\t<\/div>\n\t\t\t\t<\/div>\n\t\t\t\t\t<\/div>\n\t\t<\/div>\n\t\t\t\t<div class=\"elementor-column elementor-col-50 elementor-top-column elementor-element elementor-element-dc14957\" data-id=\"dc14957\" data-element_type=\"column\" data-e-type=\"column\" data-settings=\"{&quot;background_background&quot;:&quot;gradient&quot;}\">\n\t\t\t<div class=\"elementor-widget-wrap elementor-element-populated\">\n\t\t\t\t\t\t<div class=\"elementor-element elementor-element-f6d8d46 elementor-widget elementor-widget-text-editor\" data-id=\"f6d8d46\" data-element_type=\"widget\" data-e-type=\"widget\" data-widget_type=\"text-editor.default\">\n\t\t\t\t<div class=\"elementor-widget-container\">\n\t\t\t\t\t\t\t\t\t<h6><span style=\"color: #000000;\"><span style=\"font-weight: 400;\">Leistungsstark, effizient und einfach zu installieren und zu warten. Entdecken Sie das Nonplusultra der Effizienz!<\/span><\/span><\/h6>\n\t\t\t\t\t\t\t\t<\/div>\n\t\t\t\t<\/div>\n\t\t\t\t<div class=\"elementor-element elementor-element-4a906cc elementor-widget elementor-widget-image\" data-id=\"4a906cc\" data-element_type=\"widget\" data-e-type=\"widget\" data-widget_type=\"image.default\">\n\t\t\t\t<div class=\"elementor-widget-container\">\n\t\t\t\t\t\t\t\t\t\t\t\t\t\t\t<img loading=\"lazy\" decoding=\"async\" width=\"1024\" height=\"576\" src=\"https:\/\/www.yesovens.it\/wp-content\/smush-webp\/2024\/01\/cappe-yesovens-2-1024x576.jpg.webp\" class=\"attachment-large size-large wp-image-90014\" alt=\"\" srcset=\"https:\/\/www.yesovens.it\/wp-content\/smush-webp\/2024\/01\/cappe-yesovens-2-1024x576.jpg.webp 1024w, https:\/\/www.yesovens.it\/wp-content\/smush-webp\/2024\/01\/cappe-yesovens-2-300x169.jpg.webp 300w, https:\/\/www.yesovens.it\/wp-content\/smush-webp\/2024\/01\/cappe-yesovens-2-768x432.jpg.webp 768w, https:\/\/www.yesovens.it\/wp-content\/smush-webp\/2024\/01\/cappe-yesovens-2-700x394.jpg.webp 700w, https:\/\/www.yesovens.it\/wp-content\/smush-webp\/2024\/01\/cappe-yesovens-2-539x303.jpg.webp 539w, https:\/\/www.yesovens.it\/wp-content\/smush-webp\/2024\/01\/cappe-yesovens-2.jpg.webp 1280w\" sizes=\"auto, (max-width: 1024px) 100vw, 1024px\" data-smush-webp-fallback=\"{&quot;src&quot;:&quot;https:\\\/\\\/www.yesovens.it\\\/wp-content\\\/uploads\\\/2024\\\/01\\\/cappe-yesovens-2-1024x576.jpg&quot;,&quot;srcset&quot;:&quot;https:\\\/\\\/www.yesovens.it\\\/wp-content\\\/uploads\\\/2024\\\/01\\\/cappe-yesovens-2-1024x576.jpg 1024w, https:\\\/\\\/www.yesovens.it\\\/wp-content\\\/uploads\\\/2024\\\/01\\\/cappe-yesovens-2-300x169.jpg 300w, https:\\\/\\\/www.yesovens.it\\\/wp-content\\\/uploads\\\/2024\\\/01\\\/cappe-yesovens-2-768x432.jpg 768w, https:\\\/\\\/www.yesovens.it\\\/wp-content\\\/uploads\\\/2024\\\/01\\\/cappe-yesovens-2-700x394.jpg 700w, https:\\\/\\\/www.yesovens.it\\\/wp-content\\\/uploads\\\/2024\\\/01\\\/cappe-yesovens-2-539x303.jpg 539w, https:\\\/\\\/www.yesovens.it\\\/wp-content\\\/uploads\\\/2024\\\/01\\\/cappe-yesovens-2.jpg 1280w&quot;}\" \/>\t\t\t\t\t\t\t\t\t\t\t\t\t\t\t<\/div>\n\t\t\t\t<\/div>\n\t\t\t\t\t<\/div>\n\t\t<\/div>\n\t\t\t\t\t<\/div>\n\t\t<\/section>\n\t\t\t\t<section class=\"elementor-section elementor-top-section elementor-element elementor-element-37a2506 elementor-section-full_width elementor-section-height-default elementor-section-height-default parallax_section_no qode_elementor_container_no\" data-id=\"37a2506\" data-element_type=\"section\" data-e-type=\"section\" data-settings=\"{&quot;background_background&quot;:&quot;classic&quot;}\">\n\t\t\t\t\t\t<div class=\"elementor-container elementor-column-gap-default\">\n\t\t\t\t\t<div class=\"elementor-column elementor-col-100 elementor-top-column elementor-element elementor-element-700f878\" data-id=\"700f878\" data-element_type=\"column\" data-e-type=\"column\">\n\t\t\t<div class=\"elementor-widget-wrap elementor-element-populated\">\n\t\t\t\t\t\t<div class=\"elementor-element elementor-element-71c8586 elementor-widget elementor-widget-text-editor\" data-id=\"71c8586\" data-element_type=\"widget\" data-e-type=\"widget\" data-settings=\"{&quot;_animation&quot;:&quot;none&quot;}\" data-widget_type=\"text-editor.default\">\n\t\t\t\t<div class=\"elementor-widget-container\">\n\t\t\t\t\t\t\t\t\t<h3 style=\"text-align: center;\"><span style=\"color: #000000;\">Technische Datenbl\u00e4tter und Handb\u00fccher<\/span><\/h3>\n\t\t\t\t\t\t\t\t<\/div>\n\t\t\t\t<\/div>\n\t\t\t\t<div class=\"elementor-element elementor-element-3f90827 elementor-align-center elementor-widget elementor-widget-button\" data-id=\"3f90827\" data-element_type=\"widget\" data-e-type=\"widget\" data-widget_type=\"button.default\">\n\t\t\t\t<div class=\"elementor-widget-container\">\n\t\t\t\t\t\t\t\t\t<div class=\"elementor-button-wrapper\">\n\t\t\t\t\t<a class=\"elementor-button elementor-button-link elementor-size-sm elementor-animation-grow\" href=\"https:\/\/www.yesovens.it\/wp-content\/uploads\/2024\/02\/Flyer_Cappa_DE_LOW_2021.pdf\" target=\"_blank\">\n\t\t\t\t\t\t<span class=\"elementor-button-content-wrapper\">\n\t\t\t\t\t\t<span class=\"elementor-button-icon\">\n\t\t\t\t<i aria-hidden=\"true\" class=\"far fa-file-pdf\"><\/i>\t\t\t<\/span>\n\t\t\t\t\t\t\t\t\t<span class=\"elementor-button-text\">Fliegerhaube<\/span>\n\t\t\t\t\t<\/span>\n\t\t\t\t\t<\/a>\n\t\t\t\t<\/div>\n\t\t\t\t\t\t\t\t<\/div>\n\t\t\t\t<\/div>\n\t\t\t\t<div class=\"elementor-element elementor-element-97ce726 elementor-align-center elementor-widget elementor-widget-button\" data-id=\"97ce726\" data-element_type=\"widget\" data-e-type=\"widget\" data-widget_type=\"button.default\">\n\t\t\t\t<div class=\"elementor-widget-container\">\n\t\t\t\t\t\t\t\t\t<div class=\"elementor-button-wrapper\">\n\t\t\t\t\t<a class=\"elementor-button elementor-button-link elementor-size-sm elementor-animation-grow\" href=\"https:\/\/www.yesovens.it\/wp-content\/uploads\/2024\/02\/393900138.pdf\" target=\"_blank\">\n\t\t\t\t\t\t<span class=\"elementor-button-content-wrapper\">\n\t\t\t\t\t\t<span class=\"elementor-button-icon\">\n\t\t\t\t<i aria-hidden=\"true\" class=\"far fa-file-pdf\"><\/i>\t\t\t<\/span>\n\t\t\t\t\t\t\t\t\t<span class=\"elementor-button-text\">Datenblatt der Haube <\/span>\n\t\t\t\t\t<\/span>\n\t\t\t\t\t<\/a>\n\t\t\t\t<\/div>\n\t\t\t\t\t\t\t\t<\/div>\n\t\t\t\t<\/div>\n\t\t\t\t\t<\/div>\n\t\t<\/div>\n\t\t\t\t\t<\/div>\n\t\t<\/section>\n\t\t\t\t<section class=\"elementor-section elementor-top-section elementor-element elementor-element-263f727 animated-fast elementor-section-boxed elementor-section-height-default elementor-section-height-default parallax_section_no qode_elementor_container_no\" data-id=\"263f727\" data-element_type=\"section\" data-e-type=\"section\" data-settings=\"{&quot;background_background&quot;:&quot;classic&quot;,&quot;animation&quot;:&quot;none&quot;}\">\n\t\t\t\t\t\t\t<div class=\"elementor-background-overlay\"><\/div>\n\t\t\t\t\t\t\t<div class=\"elementor-container elementor-column-gap-default\">\n\t\t\t\t\t<div class=\"elementor-column elementor-col-100 elementor-top-column elementor-element elementor-element-31c0a97\" data-id=\"31c0a97\" data-element_type=\"column\" data-e-type=\"column\">\n\t\t\t<div class=\"elementor-widget-wrap elementor-element-populated\">\n\t\t\t\t\t\t<div class=\"elementor-element elementor-element-3669924 elementor-widget elementor-widget-text-editor\" data-id=\"3669924\" data-element_type=\"widget\" data-e-type=\"widget\" data-widget_type=\"text-editor.default\">\n\t\t\t\t<div class=\"elementor-widget-container\">\n\t\t\t\t\t\t\t\t\t<h3 style=\"text-align: center;\"><span style=\"font-weight: 400;\">W\u00e4hlen Sie den Yesovens-Ofen, der am besten zu Ihnen passt<\/span><\/h3>\n\t\t\t\t\t\t\t\t<\/div>\n\t\t\t\t<\/div>\n\t\t\t\t<div class=\"elementor-element elementor-element-44a4f88 elementor-widget elementor-widget-text-editor\" data-id=\"44a4f88\" data-element_type=\"widget\" data-e-type=\"widget\" data-widget_type=\"text-editor.default\">\n\t\t\t\t<div class=\"elementor-widget-container\">\n\t\t\t\t\t\t\t\t\t<h6 style=\"text-align: center;\"><span style=\"font-weight: 400;\">Gemeinsam mit unseren lokalen Partnern beraten wir Sie bei der Auswahl des f\u00fcr Sie am besten geeigneten professionellen Konditoreibackofens. Kontaktieren Sie uns f\u00fcr weitere Informationen.<\/span><\/h6>\n<h6> <\/h6>\n<h6 style=\"text-align: center;\"><span style=\"font-weight: 400;\"> Kontaktieren Sie uns<\/span><span style=\"font-weight: 400;\"><br \/><\/span><\/h6>\n\t\t\t\t\t\t\t\t<\/div>\n\t\t\t\t<\/div>\n\t\t\t\t<div class=\"elementor-element elementor-element-1a4ca2d elementor-widget elementor-widget-shortcode\" data-id=\"1a4ca2d\" data-element_type=\"widget\" data-e-type=\"widget\" data-widget_type=\"shortcode.default\">\n\t\t\t\t<div class=\"elementor-widget-container\">\n\t\t\t\t\t\t\t<div class=\"elementor-shortcode\"><script charset=\"utf-8\" type=\"text\/javascript\" src=\"\/\/js-eu1.hsforms.net\/forms\/embed\/v2.js\"><\/script>\n<script>\n  hbspt.forms.create({\n    region: \"eu1\",\n    portalId: \"145537479\",\n    formId: \"862e5fe3-7c9a-445d-bbce-50f62f887793\"\n  });\n<\/script><\/div>\n\t\t\t\t\t\t<\/div>\n\t\t\t\t<\/div>\n\t\t\t\t\t<\/div>\n\t\t<\/div>\n\t\t\t\t\t<\/div>\n\t\t<\/section>\n\t\t\t\t<\/div>\n\t\t","protected":false},"excerpt":{"rendered":"<p>YESOVENS Hauben Kondenswasser- und Abzugshaube Die elektromechanischen Dunstabzugshauben von Yesovens sind so konzipiert, dass sie hervorragende Leistungen erbringen und ein kompromissloses Kocherlebnis garantieren. Entfernt schnell und effektiv Dampf aus Schornsteinen und Feuchtigkeit aus der Ofent\u00fcr. Ausgestattet mit einer robusten Struktur aus Edelstahl 304, die St\u00e4rke&#8230;<\/p>\n","protected":false},"author":7,"featured_media":0,"parent":0,"menu_order":0,"comment_status":"closed","ping_status":"closed","template":"full_width.php","meta":{"_acf_changed":false,"content-type":"","footnotes":""},"class_list":["post-90198","page","type-page","status-publish","hentry"],"acf":[],"_links":{"self":[{"href":"https:\/\/www.yesovens.it\/de\/wp-json\/wp\/v2\/pages\/90198","targetHints":{"allow":["GET"]}}],"collection":[{"href":"https:\/\/www.yesovens.it\/de\/wp-json\/wp\/v2\/pages"}],"about":[{"href":"https:\/\/www.yesovens.it\/de\/wp-json\/wp\/v2\/types\/page"}],"author":[{"embeddable":true,"href":"https:\/\/www.yesovens.it\/de\/wp-json\/wp\/v2\/users\/7"}],"replies":[{"embeddable":true,"href":"https:\/\/www.yesovens.it\/de\/wp-json\/wp\/v2\/comments?post=90198"}],"version-history":[{"count":0,"href":"https:\/\/www.yesovens.it\/de\/wp-json\/wp\/v2\/pages\/90198\/revisions"}],"wp:attachment":[{"href":"https:\/\/www.yesovens.it\/de\/wp-json\/wp\/v2\/media?parent=90198"}],"curies":[{"name":"wp","href":"https:\/\/api.w.org\/{rel}","templated":true}]}}