{"id":89830,"date":"2024-01-24T16:11:37","date_gmt":"2024-01-24T15:11:37","guid":{"rendered":"https:\/\/www.yesovens.it\/?page_id=89830"},"modified":"2025-05-13T11:24:33","modified_gmt":"2025-05-13T09:24:33","slug":"proofer","status":"publish","type":"page","link":"https:\/\/www.yesovens.it\/de\/proofer\/","title":{"rendered":"Proofers"},"content":{"rendered":"\t\t<div data-elementor-type=\"wp-page\" data-elementor-id=\"89830\" class=\"elementor elementor-89830 elementor-87338\" data-elementor-post-type=\"page\">\n\t\t\t\t\t\t<section class=\"elementor-section elementor-top-section elementor-element elementor-element-1e39400 elementor-section-full_width elementor-section-height-default elementor-section-height-default parallax_section_no qode_elementor_container_no\" data-id=\"1e39400\" data-element_type=\"section\" data-e-type=\"section\" data-settings=\"{&quot;background_background&quot;:&quot;classic&quot;}\">\n\t\t\t\t\t\t<div class=\"elementor-container elementor-column-gap-default\">\n\t\t\t\t\t<div class=\"elementor-column elementor-col-50 elementor-top-column elementor-element elementor-element-c6232f4\" data-id=\"c6232f4\" data-element_type=\"column\" data-e-type=\"column\" data-settings=\"{&quot;background_background&quot;:&quot;classic&quot;}\">\n\t\t\t<div class=\"elementor-widget-wrap elementor-element-populated\">\n\t\t\t\t\t\t<div class=\"elementor-element elementor-element-3736edd elementor-widget elementor-widget-heading\" data-id=\"3736edd\" data-element_type=\"widget\" data-e-type=\"widget\" data-widget_type=\"heading.default\">\n\t\t\t\t<div class=\"elementor-widget-container\">\n\t\t\t\t\t<p class=\"elementor-heading-title elementor-size-default\">YESOVENS Proofer<\/p>\t\t\t\t<\/div>\n\t\t\t\t<\/div>\n\t\t\t\t<div class=\"elementor-element elementor-element-8c11cef elementor-widget elementor-widget-text-editor\" data-id=\"8c11cef\" data-element_type=\"widget\" data-e-type=\"widget\" data-widget_type=\"text-editor.default\">\n\t\t\t\t<div class=\"elementor-widget-container\">\n\t\t\t\t\t\t\t\t\t<h3><span style=\"font-weight: 400;\">Digitale und elektromechanische Proofer<\/span><\/h3>\n\t\t\t\t\t\t\t\t<\/div>\n\t\t\t\t<\/div>\n\t\t\t\t<div class=\"elementor-element elementor-element-a4da383 elementor-widget elementor-widget-text-editor\" data-id=\"a4da383\" data-element_type=\"widget\" data-e-type=\"widget\" data-widget_type=\"text-editor.default\">\n\t\t\t\t<div class=\"elementor-widget-container\">\n\t\t\t\t\t\t\t\t\t<p>Unsere professionelle Proofer wurde entwickelt, um den G\u00e4rprozess in professionellen K\u00fcchen zu optimieren. Seine hochmoderne Technologie beschleunigt die Produktion und gew\u00e4hrleistet gleichbleibende Ergebnisse, die den Anforderungen an Effizienz und Qualit\u00e4t gerecht werden.<\/p>\n<p>Die Kammer und die Verkleidung sind aus Stahl AISI 304 gefertigt und garantieren Robustheit und Langlebigkeit unserer professionellen G\u00e4ranlage. Diese Robustheit ist von entscheidender Bedeutung, da sie eine zuverl\u00e4ssige L\u00f6sung erm\u00f6glicht, die sich an die intensiven Anforderungen von Gro\u00dfk\u00fcchen anpasst.<\/p>\n<p>Ausgestattet mit 12 600&#215;400 F\u00e4chern bietet er eine gro\u00dfe und flexible Kapazit\u00e4t, die sich jeder Realit\u00e4t anpasst.<\/p><\/p>\n\t\t\t\t\t\t\t\t<\/div>\n\t\t\t\t<\/div>\n\t\t\t\t<div class=\"elementor-element elementor-element-ed85b58 elementor-align-left elementor-widget elementor-widget-button\" data-id=\"ed85b58\" data-element_type=\"widget\" data-e-type=\"widget\" data-widget_type=\"button.default\">\n\t\t\t\t<div class=\"elementor-widget-container\">\n\t\t\t\t\t\t\t\t\t<div class=\"elementor-button-wrapper\">\n\t\t\t\t\t<a class=\"elementor-button elementor-button-link elementor-size-sm elementor-animation-grow\" href=\"https:\/\/www.yesovens.it\/de\/profi-elektrobackofen\/konditorei-profi-backofen\/star\/#caratteristiche\" target=\"_blank\">\n\t\t\t\t\t\t<span class=\"elementor-button-content-wrapper\">\n\t\t\t\t\t\t<span class=\"elementor-button-icon\">\n\t\t\t\t<i aria-hidden=\"true\" class=\"fas fa-info\"><\/i>\t\t\t<\/span>\n\t\t\t\t\t\t\t\t\t<span class=\"elementor-button-text\">Eigenschaften<\/span>\n\t\t\t\t\t<\/span>\n\t\t\t\t\t<\/a>\n\t\t\t\t<\/div>\n\t\t\t\t\t\t\t\t<\/div>\n\t\t\t\t<\/div>\n\t\t\t\t\t<\/div>\n\t\t<\/div>\n\t\t\t\t<div class=\"elementor-column elementor-col-50 elementor-top-column elementor-element elementor-element-6f38864\" data-id=\"6f38864\" data-element_type=\"column\" data-e-type=\"column\" data-settings=\"{&quot;background_background&quot;:&quot;gradient&quot;}\">\n\t\t\t<div class=\"elementor-widget-wrap elementor-element-populated\">\n\t\t\t\t\t\t<div class=\"elementor-element elementor-element-df3ce6f elementor-widget elementor-widget-text-editor\" data-id=\"df3ce6f\" data-element_type=\"widget\" data-e-type=\"widget\" data-widget_type=\"text-editor.default\">\n\t\t\t\t<div class=\"elementor-widget-container\">\n\t\t\t\t\t\t\t\t\t<h6><span style=\"color: #000000;\"><span style=\"font-weight: 400;\">Effizienz und Pr\u00e4zision: W\u00e4hlen Sie zwischen digitaler oder elektromechanischer Technik<\/span><\/span><\/h6>\n\t\t\t\t\t\t\t\t<\/div>\n\t\t\t\t<\/div>\n\t\t\t\t<div class=\"elementor-element elementor-element-f4a1eb6 elementor-widget elementor-widget-image\" data-id=\"f4a1eb6\" data-element_type=\"widget\" data-e-type=\"widget\" data-widget_type=\"image.default\">\n\t\t\t\t<div class=\"elementor-widget-container\">\n\t\t\t\t\t\t\t\t\t\t\t\t\t\t\t<img loading=\"lazy\" decoding=\"async\" width=\"1024\" height=\"576\" src=\"https:\/\/www.yesovens.it\/wp-content\/smush-webp\/2023\/12\/LIEVITATORI-1024x576.jpg.webp\" class=\"attachment-large size-large wp-image-87357\" alt=\"\" srcset=\"https:\/\/www.yesovens.it\/wp-content\/smush-webp\/2023\/12\/LIEVITATORI-1024x576.jpg.webp 1024w, https:\/\/www.yesovens.it\/wp-content\/smush-webp\/2023\/12\/LIEVITATORI-300x169.jpg.webp 300w, https:\/\/www.yesovens.it\/wp-content\/smush-webp\/2023\/12\/LIEVITATORI-768x432.jpg.webp 768w, https:\/\/www.yesovens.it\/wp-content\/smush-webp\/2023\/12\/LIEVITATORI-700x394.jpg.webp 700w, https:\/\/www.yesovens.it\/wp-content\/smush-webp\/2023\/12\/LIEVITATORI-539x303.jpg.webp 539w, https:\/\/www.yesovens.it\/wp-content\/smush-webp\/2023\/12\/LIEVITATORI.jpg.webp 1280w\" sizes=\"auto, (max-width: 1024px) 100vw, 1024px\" data-smush-webp-fallback=\"{&quot;src&quot;:&quot;https:\\\/\\\/www.yesovens.it\\\/wp-content\\\/uploads\\\/2023\\\/12\\\/LIEVITATORI-1024x576.jpg&quot;,&quot;srcset&quot;:&quot;https:\\\/\\\/www.yesovens.it\\\/wp-content\\\/uploads\\\/2023\\\/12\\\/LIEVITATORI-1024x576.jpg 1024w, https:\\\/\\\/www.yesovens.it\\\/wp-content\\\/uploads\\\/2023\\\/12\\\/LIEVITATORI-300x169.jpg 300w, https:\\\/\\\/www.yesovens.it\\\/wp-content\\\/uploads\\\/2023\\\/12\\\/LIEVITATORI-768x432.jpg 768w, https:\\\/\\\/www.yesovens.it\\\/wp-content\\\/uploads\\\/2023\\\/12\\\/LIEVITATORI-700x394.jpg 700w, https:\\\/\\\/www.yesovens.it\\\/wp-content\\\/uploads\\\/2023\\\/12\\\/LIEVITATORI-539x303.jpg 539w, https:\\\/\\\/www.yesovens.it\\\/wp-content\\\/uploads\\\/2023\\\/12\\\/LIEVITATORI.jpg 1280w&quot;}\" \/>\t\t\t\t\t\t\t\t\t\t\t\t\t\t\t<\/div>\n\t\t\t\t<\/div>\n\t\t\t\t\t<\/div>\n\t\t<\/div>\n\t\t\t\t\t<\/div>\n\t\t<\/section>\n\t\t\t\t<section class=\"elementor-section elementor-top-section elementor-element elementor-element-48e3c85 elementor-section-full_width elementor-section-height-default elementor-section-height-default parallax_section_no qode_elementor_container_no\" data-id=\"48e3c85\" data-element_type=\"section\" data-e-type=\"section\" data-settings=\"{&quot;background_background&quot;:&quot;classic&quot;}\">\n\t\t\t\t\t\t<div class=\"elementor-container elementor-column-gap-default\">\n\t\t\t\t\t<div class=\"elementor-column elementor-col-100 elementor-top-column elementor-element elementor-element-6262f29\" data-id=\"6262f29\" data-element_type=\"column\" data-e-type=\"column\">\n\t\t\t<div class=\"elementor-widget-wrap elementor-element-populated\">\n\t\t\t\t\t\t<div class=\"elementor-element elementor-element-a0e7031 elementor-widget elementor-widget-text-editor\" data-id=\"a0e7031\" data-element_type=\"widget\" data-e-type=\"widget\" data-settings=\"{&quot;_animation&quot;:&quot;none&quot;}\" data-widget_type=\"text-editor.default\">\n\t\t\t\t<div class=\"elementor-widget-container\">\n\t\t\t\t\t\t\t\t\t<h3 style=\"text-align: center;\"><span style=\"color: #000000;\">Technische Datenbl\u00e4tter und Handb\u00fccher<\/span><\/h3>\n\t\t\t\t\t\t\t\t<\/div>\n\t\t\t\t<\/div>\n\t\t\t\t<div class=\"elementor-element elementor-element-51026b2 elementor-align-center elementor-widget elementor-widget-button\" data-id=\"51026b2\" data-element_type=\"widget\" data-e-type=\"widget\" data-widget_type=\"button.default\">\n\t\t\t\t<div class=\"elementor-widget-container\">\n\t\t\t\t\t\t\t\t\t<div class=\"elementor-button-wrapper\">\n\t\t\t\t\t<a class=\"elementor-button elementor-button-link elementor-size-sm elementor-animation-grow\" href=\"https:\/\/www.yesovens.it\/wp-content\/uploads\/2024\/01\/Proofers_BakeryLine_DE.pdf\" target=\"_blank\">\n\t\t\t\t\t\t<span class=\"elementor-button-content-wrapper\">\n\t\t\t\t\t\t<span class=\"elementor-button-icon\">\n\t\t\t\t<i aria-hidden=\"true\" class=\"far fa-file-pdf\"><\/i>\t\t\t<\/span>\n\t\t\t\t\t\t\t\t\t<span class=\"elementor-button-text\">Flyer Proofer<\/span>\n\t\t\t\t\t<\/span>\n\t\t\t\t\t<\/a>\n\t\t\t\t<\/div>\n\t\t\t\t\t\t\t\t<\/div>\n\t\t\t\t<\/div>\n\t\t\t\t<div class=\"elementor-element elementor-element-2e2bbfb elementor-align-center elementor-widget elementor-widget-button\" data-id=\"2e2bbfb\" data-element_type=\"widget\" data-e-type=\"widget\" data-widget_type=\"button.default\">\n\t\t\t\t<div class=\"elementor-widget-container\">\n\t\t\t\t\t\t\t\t\t<div class=\"elementor-button-wrapper\">\n\t\t\t\t\t<a class=\"elementor-button elementor-button-link elementor-size-sm elementor-animation-grow\" href=\"https:\/\/www.yesovens.it\/wp-content\/uploads\/2024\/01\/393900141-1.pdf\" target=\"_blank\">\n\t\t\t\t\t\t<span class=\"elementor-button-content-wrapper\">\n\t\t\t\t\t\t<span class=\"elementor-button-icon\">\n\t\t\t\t<i aria-hidden=\"true\" class=\"far fa-file-pdf\"><\/i>\t\t\t<\/span>\n\t\t\t\t\t\t\t\t\t<span class=\"elementor-button-text\">Hefehersteller-Proofer <\/span>\n\t\t\t\t\t<\/span>\n\t\t\t\t\t<\/a>\n\t\t\t\t<\/div>\n\t\t\t\t\t\t\t\t<\/div>\n\t\t\t\t<\/div>\n\t\t\t\t<div class=\"elementor-element elementor-element-5d3cbbb elementor-align-center elementor-widget elementor-widget-button\" data-id=\"5d3cbbb\" data-element_type=\"widget\" data-e-type=\"widget\" data-widget_type=\"button.default\">\n\t\t\t\t<div class=\"elementor-widget-container\">\n\t\t\t\t\t\t\t\t\t<div class=\"elementor-button-wrapper\">\n\t\t\t\t\t<a class=\"elementor-button elementor-button-link elementor-size-sm elementor-animation-grow\" href=\"https:\/\/www.yesovens.it\/wp-content\/uploads\/2024\/01\/353500067EN-Proofer-Manual.pdf\" target=\"_blank\">\n\t\t\t\t\t\t<span class=\"elementor-button-content-wrapper\">\n\t\t\t\t\t\t<span class=\"elementor-button-icon\">\n\t\t\t\t<i aria-hidden=\"true\" class=\"far fa-file-pdf\"><\/i>\t\t\t<\/span>\n\t\t\t\t\t\t\t\t\t<span class=\"elementor-button-text\">Handbuch f\u00fcr Proofer<\/span>\n\t\t\t\t\t<\/span>\n\t\t\t\t\t<\/a>\n\t\t\t\t<\/div>\n\t\t\t\t\t\t\t\t<\/div>\n\t\t\t\t<\/div>\n\t\t\t\t\t<\/div>\n\t\t<\/div>\n\t\t\t\t\t<\/div>\n\t\t<\/section>\n\t\t\t\t<section class=\"elementor-section elementor-top-section elementor-element elementor-element-e03dac2 animated-fast elementor-section-boxed elementor-section-height-default elementor-section-height-default parallax_section_no qode_elementor_container_no\" data-id=\"e03dac2\" data-element_type=\"section\" data-e-type=\"section\" data-settings=\"{&quot;background_background&quot;:&quot;classic&quot;,&quot;animation&quot;:&quot;none&quot;}\">\n\t\t\t\t\t\t\t<div class=\"elementor-background-overlay\"><\/div>\n\t\t\t\t\t\t\t<div class=\"elementor-container elementor-column-gap-default\">\n\t\t\t\t\t<div class=\"elementor-column elementor-col-100 elementor-top-column elementor-element elementor-element-7b87ede\" data-id=\"7b87ede\" data-element_type=\"column\" data-e-type=\"column\">\n\t\t\t<div class=\"elementor-widget-wrap elementor-element-populated\">\n\t\t\t\t\t\t<div class=\"elementor-element elementor-element-fde33ec elementor-widget elementor-widget-text-editor\" data-id=\"fde33ec\" data-element_type=\"widget\" data-e-type=\"widget\" data-widget_type=\"text-editor.default\">\n\t\t\t\t<div class=\"elementor-widget-container\">\n\t\t\t\t\t\t\t\t\t<h3 style=\"text-align: center;\"><span style=\"font-weight: 400;\">W\u00e4hlen Sie den Yesovens-Ofen, der am besten zu Ihnen passt<\/span><\/h3>\n\t\t\t\t\t\t\t\t<\/div>\n\t\t\t\t<\/div>\n\t\t\t\t<div class=\"elementor-element elementor-element-5cf4e9b elementor-widget elementor-widget-text-editor\" data-id=\"5cf4e9b\" data-element_type=\"widget\" data-e-type=\"widget\" data-widget_type=\"text-editor.default\">\n\t\t\t\t<div class=\"elementor-widget-container\">\n\t\t\t\t\t\t\t\t\t<h6 style=\"text-align: center;\"><span style=\"font-weight: 400;\">Gemeinsam mit unseren lokalen Partnern beraten wir Sie bei der Auswahl des f\u00fcr Sie am besten geeigneten professionellen Konditoreibackofens. Kontaktieren Sie uns f\u00fcr weitere Informationen.<\/span><\/h6>\n<h6> <\/h6>\n<h6 style=\"text-align: center;\"><span style=\"font-weight: 400;\"> Kontaktieren Sie uns<\/span><span style=\"font-weight: 400;\"><br \/><\/span><\/h6>\n\t\t\t\t\t\t\t\t<\/div>\n\t\t\t\t<\/div>\n\t\t\t\t<div class=\"elementor-element elementor-element-cd5b28d elementor-widget elementor-widget-shortcode\" data-id=\"cd5b28d\" data-element_type=\"widget\" data-e-type=\"widget\" data-widget_type=\"shortcode.default\">\n\t\t\t\t<div class=\"elementor-widget-container\">\n\t\t\t\t\t\t\t<div class=\"elementor-shortcode\"><script charset=\"utf-8\" type=\"text\/javascript\" src=\"\/\/js-eu1.hsforms.net\/forms\/embed\/v2.js\"><\/script>\n<script>\n  hbspt.forms.create({\n    region: \"eu1\",\n    portalId: \"145537479\",\n    formId: \"862e5fe3-7c9a-445d-bbce-50f62f887793\"\n  });\n<\/script><\/div>\n\t\t\t\t\t\t<\/div>\n\t\t\t\t<\/div>\n\t\t\t\t\t<\/div>\n\t\t<\/div>\n\t\t\t\t\t<\/div>\n\t\t<\/section>\n\t\t\t\t<\/div>\n\t\t","protected":false},"excerpt":{"rendered":"<p>YESOVENS Proofer Digitale und elektromechanische Proofer Unsere professionelle Proofer wurde entwickelt, um den G\u00e4rprozess in professionellen K\u00fcchen zu optimieren. Seine hochmoderne Technologie beschleunigt die Produktion und gew\u00e4hrleistet gleichbleibende Ergebnisse, die den Anforderungen an Effizienz und Qualit\u00e4t gerecht werden. Die Kammer und die Verkleidung sind aus&#8230;<\/p>\n","protected":false},"author":7,"featured_media":0,"parent":0,"menu_order":0,"comment_status":"closed","ping_status":"closed","template":"full_width.php","meta":{"_acf_changed":false,"content-type":"","footnotes":""},"class_list":["post-89830","page","type-page","status-publish","hentry"],"acf":[],"_links":{"self":[{"href":"https:\/\/www.yesovens.it\/de\/wp-json\/wp\/v2\/pages\/89830","targetHints":{"allow":["GET"]}}],"collection":[{"href":"https:\/\/www.yesovens.it\/de\/wp-json\/wp\/v2\/pages"}],"about":[{"href":"https:\/\/www.yesovens.it\/de\/wp-json\/wp\/v2\/types\/page"}],"author":[{"embeddable":true,"href":"https:\/\/www.yesovens.it\/de\/wp-json\/wp\/v2\/users\/7"}],"replies":[{"embeddable":true,"href":"https:\/\/www.yesovens.it\/de\/wp-json\/wp\/v2\/comments?post=89830"}],"version-history":[{"count":0,"href":"https:\/\/www.yesovens.it\/de\/wp-json\/wp\/v2\/pages\/89830\/revisions"}],"wp:attachment":[{"href":"https:\/\/www.yesovens.it\/de\/wp-json\/wp\/v2\/media?parent=89830"}],"curies":[{"name":"wp","href":"https:\/\/api.w.org\/{rel}","templated":true}]}}