{"id":11630,"date":"2021-11-18T11:45:36","date_gmt":"2021-11-18T10:45:36","guid":{"rendered":"https:\/\/www.yesovens.it\/kontakte\/"},"modified":"2025-04-28T09:40:51","modified_gmt":"2025-04-28T07:40:51","slug":"kontakte","status":"publish","type":"page","link":"https:\/\/www.yesovens.it\/de\/kontakte\/","title":{"rendered":"Kontakte"},"content":{"rendered":"\t\t<div data-elementor-type=\"wp-page\" data-elementor-id=\"11630\" class=\"elementor elementor-11630 elementor-2700\" data-elementor-post-type=\"page\">\n\t\t\t\t\t\t<section class=\"elementor-section elementor-top-section elementor-element elementor-element-79f3e4c5 elementor-section-full_width elementor-hidden-tablet elementor-hidden-mobile elementor-section-height-default elementor-section-height-default parallax_section_no qode_elementor_container_no\" data-id=\"79f3e4c5\" data-element_type=\"section\" data-e-type=\"section\" data-settings=\"{&quot;background_background&quot;:&quot;classic&quot;}\">\n\t\t\t\t\t\t<div class=\"elementor-container elementor-column-gap-default\">\n\t\t\t\t\t<div class=\"elementor-column elementor-col-50 elementor-top-column elementor-element elementor-element-7ce5fe3d\" data-id=\"7ce5fe3d\" data-element_type=\"column\" data-e-type=\"column\" data-settings=\"{&quot;background_background&quot;:&quot;classic&quot;}\">\n\t\t\t<div class=\"elementor-widget-wrap elementor-element-populated\">\n\t\t\t\t\t\t<div class=\"elementor-element elementor-element-439fa315 elementor-widget elementor-widget-image\" data-id=\"439fa315\" data-element_type=\"widget\" data-e-type=\"widget\" data-settings=\"{&quot;_animation&quot;:&quot;none&quot;}\" data-widget_type=\"image.default\">\n\t\t\t\t<div class=\"elementor-widget-container\">\n\t\t\t\t\t\t\t\t\t\t\t\t\t\t\t<img loading=\"lazy\" decoding=\"async\" width=\"1200\" height=\"1027\" src=\"https:\/\/www.yesovens.it\/wp-content\/smush-webp\/2021\/10\/two-business-partners-working-office.jpg.webp\" class=\"attachment-full size-full wp-image-6043\" alt=\"\" srcset=\"https:\/\/www.yesovens.it\/wp-content\/smush-webp\/2021\/10\/two-business-partners-working-office.jpg.webp 1200w, https:\/\/www.yesovens.it\/wp-content\/smush-webp\/2021\/10\/two-business-partners-working-office-300x257.jpg.webp 300w, https:\/\/www.yesovens.it\/wp-content\/smush-webp\/2021\/10\/two-business-partners-working-office-1024x876.jpg.webp 1024w, https:\/\/www.yesovens.it\/wp-content\/smush-webp\/2021\/10\/two-business-partners-working-office-768x657.jpg.webp 768w, https:\/\/www.yesovens.it\/wp-content\/smush-webp\/2021\/10\/two-business-partners-working-office-700x599.jpg.webp 700w\" sizes=\"auto, (max-width: 1200px) 100vw, 1200px\" data-smush-webp-fallback=\"{&quot;src&quot;:&quot;https:\\\/\\\/www.yesovens.it\\\/wp-content\\\/uploads\\\/2021\\\/10\\\/two-business-partners-working-office.jpg&quot;,&quot;srcset&quot;:&quot;https:\\\/\\\/www.yesovens.it\\\/wp-content\\\/uploads\\\/2021\\\/10\\\/two-business-partners-working-office.jpg 1200w, https:\\\/\\\/www.yesovens.it\\\/wp-content\\\/uploads\\\/2021\\\/10\\\/two-business-partners-working-office-300x257.jpg 300w, https:\\\/\\\/www.yesovens.it\\\/wp-content\\\/uploads\\\/2021\\\/10\\\/two-business-partners-working-office-1024x876.jpg 1024w, https:\\\/\\\/www.yesovens.it\\\/wp-content\\\/uploads\\\/2021\\\/10\\\/two-business-partners-working-office-768x657.jpg 768w, https:\\\/\\\/www.yesovens.it\\\/wp-content\\\/uploads\\\/2021\\\/10\\\/two-business-partners-working-office-700x599.jpg 700w&quot;}\" \/>\t\t\t\t\t\t\t\t\t\t\t\t\t\t\t<\/div>\n\t\t\t\t<\/div>\n\t\t\t\t\t<\/div>\n\t\t<\/div>\n\t\t\t\t<div class=\"elementor-column elementor-col-50 elementor-top-column elementor-element elementor-element-b23c3eb\" data-id=\"b23c3eb\" data-element_type=\"column\" data-e-type=\"column\" data-settings=\"{&quot;background_background&quot;:&quot;classic&quot;}\">\n\t\t\t<div class=\"elementor-widget-wrap elementor-element-populated\">\n\t\t\t\t\t\t<div class=\"elementor-element elementor-element-722e0f23 elementor-widget elementor-widget-qi_addons_for_elementor_text_marquee\" data-id=\"722e0f23\" data-element_type=\"widget\" data-e-type=\"widget\" data-widget_type=\"qi_addons_for_elementor_text_marquee.default\">\n\t\t\t\t<div class=\"elementor-widget-container\">\n\t\t\t\t\t<div class=\"qodef-shortcode qodef-m qodef-qi-text-marquee qodef-layout--default\">\n\t<div class=\"qodef-m-content\">\n\t\t<div class=\"qodef-m-text qodef-text--original\">\n\t\t\t\t\t\t\t<span class=\"qodef-m-text-item elementor-repeater-item-a2f00f9\" >Zu Ihrer Verf\u00fcgung<\/span>\n\t\t\t\t\t\t\t\t\t<\/div>\n\t\t<div class=\"qodef-m-text qodef-text--copy\">\n\t\t\t\t\t\t\t<span class=\"qodef-m-text-item elementor-repeater-item-a2f00f9\" >Zu Ihrer Verf\u00fcgung<\/span>\n\t\t\t\t\t\t\t\t\t<\/div>\n\t<\/div>\n<\/div>\n\t\t\t\t<\/div>\n\t\t\t\t<\/div>\n\t\t\t\t<div class=\"elementor-element elementor-element-f71c6b7 elementor-widget elementor-widget-heading\" data-id=\"f71c6b7\" data-element_type=\"widget\" data-e-type=\"widget\" data-widget_type=\"heading.default\">\n\t\t\t\t<div class=\"elementor-widget-container\">\n\t\t\t\t\t<h1 class=\"elementor-heading-title elementor-size-default\">Wo wir sind und wie Sie uns kontaktieren k\u00f6nnen<\/h1>\t\t\t\t<\/div>\n\t\t\t\t<\/div>\n\t\t\t\t<div class=\"elementor-element elementor-element-8e55764 elementor-widget elementor-widget-wp-widget-bcn_widget\" data-id=\"8e55764\" data-element_type=\"widget\" data-e-type=\"widget\" data-widget_type=\"wp-widget-bcn_widget.default\">\n\t\t\t\t<div class=\"elementor-widget-container\">\n\t\t\t\t\t<div class=\"breadcrumbs\" vocab=\"https:\/\/schema.org\/\" typeof=\"BreadcrumbList\"><span property=\"itemListElement\" typeof=\"ListItem\"><a property=\"item\" typeof=\"WebPage\" title=\"Gehe zu YesOvens.\" href=\"https:\/\/www.yesovens.it\/de\/\" class=\"home\" aria-current=\"page\"><span property=\"name\">YesOvens<\/span><\/a><meta property=\"position\" content=\"1\"><\/span><\/div>\t\t\t\t<\/div>\n\t\t\t\t<\/div>\n\t\t\t\t\t<\/div>\n\t\t<\/div>\n\t\t\t\t\t<\/div>\n\t\t<\/section>\n\t\t\t\t<section class=\"elementor-section elementor-top-section elementor-element elementor-element-519911ab elementor-section-full_width elementor-section-height-default elementor-section-height-default parallax_section_no qode_elementor_container_no\" data-id=\"519911ab\" data-element_type=\"section\" data-e-type=\"section\" data-settings=\"{&quot;background_background&quot;:&quot;classic&quot;}\">\n\t\t\t\t\t\t<div class=\"elementor-container elementor-column-gap-narrow\">\n\t\t\t\t\t<div class=\"elementor-column elementor-col-50 elementor-top-column elementor-element elementor-element-3fc506e3\" data-id=\"3fc506e3\" data-element_type=\"column\" data-e-type=\"column\" data-settings=\"{&quot;background_background&quot;:&quot;classic&quot;}\">\n\t\t\t<div class=\"elementor-widget-wrap elementor-element-populated\">\n\t\t\t\t\t\t<div class=\"elementor-element elementor-element-79bceb24 elementor-invisible elementor-widget elementor-widget-image\" data-id=\"79bceb24\" data-element_type=\"widget\" data-e-type=\"widget\" data-settings=\"{&quot;_animation&quot;:&quot;slideInUp&quot;}\" data-widget_type=\"image.default\">\n\t\t\t\t<div class=\"elementor-widget-container\">\n\t\t\t\t\t\t\t\t\t\t\t\t\t\t\t<img loading=\"lazy\" decoding=\"async\" width=\"800\" height=\"751\" src=\"https:\/\/www.yesovens.it\/wp-content\/uploads\/2021\/10\/illustrazione-4.png\" class=\"attachment-large size-large wp-image-2198\" alt=\"\" srcset=\"https:\/\/www.yesovens.it\/wp-content\/uploads\/2021\/10\/illustrazione-4.png 800w, https:\/\/www.yesovens.it\/wp-content\/smush-webp\/2021\/10\/illustrazione-4-300x282.png.webp 300w, https:\/\/www.yesovens.it\/wp-content\/smush-webp\/2021\/10\/illustrazione-4-768x721.png.webp 768w, https:\/\/www.yesovens.it\/wp-content\/smush-webp\/2021\/10\/illustrazione-4-700x657.png.webp 700w\" sizes=\"auto, (max-width: 800px) 100vw, 800px\" data-smush-webp-fallback=\"{&quot;srcset&quot;:&quot;https:\\\/\\\/www.yesovens.it\\\/wp-content\\\/uploads\\\/2021\\\/10\\\/illustrazione-4.png 800w, https:\\\/\\\/www.yesovens.it\\\/wp-content\\\/uploads\\\/2021\\\/10\\\/illustrazione-4-300x282.png 300w, https:\\\/\\\/www.yesovens.it\\\/wp-content\\\/uploads\\\/2021\\\/10\\\/illustrazione-4-768x721.png 768w, https:\\\/\\\/www.yesovens.it\\\/wp-content\\\/uploads\\\/2021\\\/10\\\/illustrazione-4-700x657.png 700w&quot;}\" \/>\t\t\t\t\t\t\t\t\t\t\t\t\t\t\t<\/div>\n\t\t\t\t<\/div>\n\t\t\t\t\t<\/div>\n\t\t<\/div>\n\t\t\t\t<div class=\"elementor-column elementor-col-50 elementor-top-column elementor-element elementor-element-10cbd0bf\" data-id=\"10cbd0bf\" data-element_type=\"column\" data-e-type=\"column\" data-settings=\"{&quot;background_background&quot;:&quot;classic&quot;}\">\n\t\t\t<div class=\"elementor-widget-wrap\">\n\t\t\t\t\t\t\t<\/div>\n\t\t<\/div>\n\t\t\t\t\t<\/div>\n\t\t<\/section>\n\t\t\t\t<section class=\"elementor-section elementor-top-section elementor-element elementor-element-3761bb68 elementor-section-boxed elementor-section-height-default elementor-section-height-default parallax_section_no qode_elementor_container_no\" data-id=\"3761bb68\" data-element_type=\"section\" data-e-type=\"section\" data-settings=\"{&quot;background_background&quot;:&quot;classic&quot;}\">\n\t\t\t\t\t\t<div class=\"elementor-container elementor-column-gap-default\">\n\t\t\t\t\t<div class=\"elementor-column elementor-col-100 elementor-top-column elementor-element elementor-element-39dd35b8\" data-id=\"39dd35b8\" data-element_type=\"column\" data-e-type=\"column\">\n\t\t\t<div class=\"elementor-widget-wrap elementor-element-populated\">\n\t\t\t\t\t\t<div class=\"elementor-element elementor-element-252a8779 elementor-widget elementor-widget-heading\" data-id=\"252a8779\" data-element_type=\"widget\" data-e-type=\"widget\" data-widget_type=\"heading.default\">\n\t\t\t\t<div class=\"elementor-widget-container\">\n\t\t\t\t\t<p class=\"elementor-heading-title elementor-size-default\">Yesovens<\/p>\t\t\t\t<\/div>\n\t\t\t\t<\/div>\n\t\t\t\t<div class=\"elementor-element elementor-element-2bc12ce elementor-widget elementor-widget-text-editor\" data-id=\"2bc12ce\" data-element_type=\"widget\" data-e-type=\"widget\" data-widget_type=\"text-editor.default\">\n\t\t\t\t<div class=\"elementor-widget-container\">\n\t\t\t\t\t\t\t\t\t<h3 style=\"text-align: center;\"><span style=\"font-weight: 400; color: #000000;\">Made in Italy<\/span><\/h3>\n\t\t\t\t\t\t\t\t<\/div>\n\t\t\t\t<\/div>\n\t\t\t\t\t<\/div>\n\t\t<\/div>\n\t\t\t\t\t<\/div>\n\t\t<\/section>\n\t\t\t\t<section class=\"elementor-section elementor-top-section elementor-element elementor-element-05ca377 elementor-section-full_width elementor-section-height-default elementor-section-height-default parallax_section_no qode_elementor_container_no\" data-id=\"05ca377\" data-element_type=\"section\" data-e-type=\"section\" data-settings=\"{&quot;background_background&quot;:&quot;classic&quot;}\">\n\t\t\t\t\t\t<div class=\"elementor-container elementor-column-gap-default\">\n\t\t\t\t\t<div class=\"elementor-column elementor-col-50 elementor-top-column elementor-element elementor-element-c308cda\" data-id=\"c308cda\" data-element_type=\"column\" data-e-type=\"column\">\n\t\t\t<div class=\"elementor-widget-wrap elementor-element-populated\">\n\t\t\t\t\t\t<div class=\"elementor-element elementor-element-4a893d1 elementor-widget elementor-widget-text-editor\" data-id=\"4a893d1\" data-element_type=\"widget\" data-e-type=\"widget\" data-widget_type=\"text-editor.default\">\n\t\t\t\t<div class=\"elementor-widget-container\">\n\t\t\t\t\t\t\t\t\t<p><span style=\"font-weight: 300; color: #000000;\">Wir sind ein italienisches Unternehmen mit internationaler Seele. <\/span><span style=\"color: #000000;\"><span style=\"font-weight: 300;\">Aus diesem Grund werden unsere <\/span><b>Profi-Back\u00f6fen<\/b><span style=\"font-weight: 300;\"> in Italien hergestellt und <\/span><b>auf der ganzen Welt vertrieben<\/b><\/span><\/p>\n\t\t\t\t\t\t\t\t<\/div>\n\t\t\t\t<\/div>\n\t\t\t\t\t<\/div>\n\t\t<\/div>\n\t\t\t\t<div class=\"elementor-column elementor-col-50 elementor-top-column elementor-element elementor-element-7de607e\" data-id=\"7de607e\" data-element_type=\"column\" data-e-type=\"column\">\n\t\t\t<div class=\"elementor-widget-wrap elementor-element-populated\">\n\t\t\t\t\t\t<div class=\"elementor-element elementor-element-7ddc609 elementor-widget elementor-widget-text-editor\" data-id=\"7ddc609\" data-element_type=\"widget\" data-e-type=\"widget\" data-widget_type=\"text-editor.default\">\n\t\t\t\t<div class=\"elementor-widget-container\">\n\t\t\t\t\t\t\t\t\t<p><span style=\"color: #000000;\"><span style=\"font-weight: 300;\">und gelten als Synonym f\u00fcr <strong>100% Made in Italy\u00a0<\/strong>Qualit\u00e4t, Design, <strong>Innovation<\/strong> und Zuverl\u00e4ssigkeit.<\/span><\/span><\/p>\t\t\t\t\t\t\t\t<\/div>\n\t\t\t\t<\/div>\n\t\t\t\t<div class=\"elementor-element elementor-element-6c9ec6d elementor-widget elementor-widget-spacer\" data-id=\"6c9ec6d\" data-element_type=\"widget\" data-e-type=\"widget\" data-widget_type=\"spacer.default\">\n\t\t\t\t<div class=\"elementor-widget-container\">\n\t\t\t\t\t\t\t<div class=\"elementor-spacer\">\n\t\t\t<div class=\"elementor-spacer-inner\"><\/div>\n\t\t<\/div>\n\t\t\t\t\t\t<\/div>\n\t\t\t\t<\/div>\n\t\t\t\t\t<\/div>\n\t\t<\/div>\n\t\t\t\t\t<\/div>\n\t\t<\/section>\n\t\t\t\t<section class=\"elementor-section elementor-top-section elementor-element elementor-element-45236afb elementor-section-full_width elementor-section-height-default elementor-section-height-default parallax_section_no qode_elementor_container_no\" data-id=\"45236afb\" data-element_type=\"section\" data-e-type=\"section\" data-settings=\"{&quot;background_background&quot;:&quot;classic&quot;}\">\n\t\t\t\t\t\t<div class=\"elementor-container elementor-column-gap-default\">\n\t\t\t\t\t<div class=\"elementor-column elementor-col-50 elementor-top-column elementor-element elementor-element-4fa9de\" data-id=\"4fa9de\" data-element_type=\"column\" data-e-type=\"column\" data-settings=\"{&quot;background_background&quot;:&quot;classic&quot;}\">\n\t\t\t<div class=\"elementor-widget-wrap elementor-element-populated\">\n\t\t\t\t\t\t<div class=\"elementor-element elementor-element-3f103c2 elementor-widget elementor-widget-text-editor\" data-id=\"3f103c2\" data-element_type=\"widget\" data-e-type=\"widget\" data-widget_type=\"text-editor.default\">\n\t\t\t\t<div class=\"elementor-widget-container\">\n\t\t\t\t\t\t\t\t\t<h3><span style=\"font-weight: 400;\">Unsere weltweiten H\u00e4ndler<\/span><\/h3>\n\t\t\t\t\t\t\t\t<\/div>\n\t\t\t\t<\/div>\n\t\t\t\t<div class=\"elementor-element elementor-element-2662236f elementor-widget elementor-widget-text-editor\" data-id=\"2662236f\" data-element_type=\"widget\" data-e-type=\"widget\" data-widget_type=\"text-editor.default\">\n\t\t\t\t<div class=\"elementor-widget-container\">\n\t\t\t\t\t\t\t\t\t<p><span style=\"font-weight: 300;\">Dank der <\/span><b>wertvollen Zusammenarbeit mit Importeuren und Einzelh\u00e4ndlern<\/b><span style=\"font-weight: 300;\">, die aktiv zum Wachstum unseres Unternehmens und zur Entwicklung neuer L\u00f6sungen beitragen, <\/span><\/p><p><span style=\"font-weight: 300;\">sind wir in den Hauptm\u00e4rkten <\/span><b>S\u00fcdostasiens<\/b><span style=\"font-weight: 300;\">, des\u00a0<\/span><b>Nahen Ostens\u00a0<\/b><span style=\"font-weight: 300;\">und\u00a0<\/span><b>Europas<\/b><span style=\"font-weight: 300;\">, sowie in <\/span><b>Nord- und S\u00fcdafrika<\/b><span style=\"font-weight: 300;\"> und in den wichtigsten <\/span><b> L\u00e4ndern Lateinamerikas. <\/b><\/p><p><span style=\"font-weight: 300;\">Wir sind immer auf der Suche nach neuen Partnern, die unsere Werte und unsere Vision teilen und freuen uns immer \u00fcber Kommentare und Vorschl\u00e4ge von K\u00f6chen und Konditormeistern, die uns helfen k\u00f6nnen, unser Produktangebot weiter zu verbessern.<\/span><\/p>\t\t\t\t\t\t\t\t<\/div>\n\t\t\t\t<\/div>\n\t\t\t\t\t<\/div>\n\t\t<\/div>\n\t\t\t\t<div class=\"elementor-column elementor-col-50 elementor-top-column elementor-element elementor-element-2fd1a779\" data-id=\"2fd1a779\" data-element_type=\"column\" data-e-type=\"column\" data-settings=\"{&quot;background_background&quot;:&quot;gradient&quot;}\">\n\t\t\t<div class=\"elementor-widget-wrap elementor-element-populated\">\n\t\t\t\t\t\t<div class=\"elementor-element elementor-element-96103a4 elementor-widget elementor-widget-image\" data-id=\"96103a4\" data-element_type=\"widget\" data-e-type=\"widget\" data-settings=\"{&quot;_animation&quot;:&quot;none&quot;}\" data-widget_type=\"image.default\">\n\t\t\t\t<div class=\"elementor-widget-container\">\n\t\t\t\t\t\t\t\t\t\t\t\t\t\t\t<img loading=\"lazy\" decoding=\"async\" width=\"1200\" height=\"765\" src=\"https:\/\/www.yesovens.it\/wp-content\/smush-webp\/2021\/10\/business-people-shajjking-hands-greeting.jpg.webp\" class=\"attachment-full size-full wp-image-4788\" alt=\"\" srcset=\"https:\/\/www.yesovens.it\/wp-content\/smush-webp\/2021\/10\/business-people-shajjking-hands-greeting.jpg.webp 1200w, https:\/\/www.yesovens.it\/wp-content\/smush-webp\/2021\/10\/business-people-shajjking-hands-greeting-300x191.jpg.webp 300w, https:\/\/www.yesovens.it\/wp-content\/smush-webp\/2021\/10\/business-people-shajjking-hands-greeting-1024x653.jpg.webp 1024w, https:\/\/www.yesovens.it\/wp-content\/smush-webp\/2021\/10\/business-people-shajjking-hands-greeting-768x490.jpg.webp 768w, https:\/\/www.yesovens.it\/wp-content\/smush-webp\/2021\/10\/business-people-shajjking-hands-greeting-700x446.jpg.webp 700w\" sizes=\"auto, (max-width: 1200px) 100vw, 1200px\" data-smush-webp-fallback=\"{&quot;src&quot;:&quot;https:\\\/\\\/www.yesovens.it\\\/wp-content\\\/uploads\\\/2021\\\/10\\\/business-people-shajjking-hands-greeting.jpg&quot;,&quot;srcset&quot;:&quot;https:\\\/\\\/www.yesovens.it\\\/wp-content\\\/uploads\\\/2021\\\/10\\\/business-people-shajjking-hands-greeting.jpg 1200w, https:\\\/\\\/www.yesovens.it\\\/wp-content\\\/uploads\\\/2021\\\/10\\\/business-people-shajjking-hands-greeting-300x191.jpg 300w, https:\\\/\\\/www.yesovens.it\\\/wp-content\\\/uploads\\\/2021\\\/10\\\/business-people-shajjking-hands-greeting-1024x653.jpg 1024w, https:\\\/\\\/www.yesovens.it\\\/wp-content\\\/uploads\\\/2021\\\/10\\\/business-people-shajjking-hands-greeting-768x490.jpg 768w, https:\\\/\\\/www.yesovens.it\\\/wp-content\\\/uploads\\\/2021\\\/10\\\/business-people-shajjking-hands-greeting-700x446.jpg 700w&quot;}\" \/>\t\t\t\t\t\t\t\t\t\t\t\t\t\t\t<\/div>\n\t\t\t\t<\/div>\n\t\t\t\t<div class=\"elementor-element elementor-element-35c72aa6 elementor-widget elementor-widget-text-editor\" data-id=\"35c72aa6\" data-element_type=\"widget\" data-e-type=\"widget\" data-widget_type=\"text-editor.default\">\n\t\t\t\t<div class=\"elementor-widget-container\">\n\t\t\t\t\t\t\t\t\t<h6 style=\"text-align: left;\"><span style=\"font-weight: 400;\"><span style=\"color: #000000;\">Schreiben oder rufen Sie uns an<\/span> <\/span><\/h6>\n\t\t\t\t\t\t\t\t<\/div>\n\t\t\t\t<\/div>\n\t\t\t\t<div class=\"elementor-element elementor-element-f6b64a0 elementor-widget elementor-widget-text-editor\" data-id=\"f6b64a0\" data-element_type=\"widget\" data-e-type=\"widget\" data-widget_type=\"text-editor.default\">\n\t\t\t\t<div class=\"elementor-widget-container\">\n\t\t\t\t\t\t\t\t\t<p><span style=\"color: #000000;\"><span style=\"font-weight: 300;\">Wenn Sie weitere Informationen \u00fcber unsere professionellen \u00d6fen und das Vertriebsnetz von Yesovens erhalten oder einfach einen Vorschlag hinterlassen m\u00f6chten.<\/span><\/span><\/p>\n\t\t\t\t\t\t\t\t<\/div>\n\t\t\t\t<\/div>\n\t\t\t\t\t<\/div>\n\t\t<\/div>\n\t\t\t\t\t<\/div>\n\t\t<\/section>\n\t\t\t\t<section class=\"elementor-section elementor-top-section elementor-element elementor-element-1eb7643c animated-fast elementor-section-boxed elementor-section-height-default elementor-section-height-default parallax_section_no qode_elementor_container_no\" data-id=\"1eb7643c\" data-element_type=\"section\" data-e-type=\"section\" id=\"form\" data-settings=\"{&quot;background_background&quot;:&quot;classic&quot;,&quot;animation&quot;:&quot;none&quot;}\">\n\t\t\t\t\t\t\t<div class=\"elementor-background-overlay\"><\/div>\n\t\t\t\t\t\t\t<div class=\"elementor-container elementor-column-gap-default\">\n\t\t\t\t\t<div class=\"elementor-column elementor-col-100 elementor-top-column elementor-element elementor-element-683e8ea0\" data-id=\"683e8ea0\" data-element_type=\"column\" data-e-type=\"column\">\n\t\t\t<div class=\"elementor-widget-wrap elementor-element-populated\">\n\t\t\t\t\t\t<div class=\"elementor-element elementor-element-5cb3d4e5 elementor-widget elementor-widget-text-editor\" data-id=\"5cb3d4e5\" data-element_type=\"widget\" data-e-type=\"widget\" data-widget_type=\"text-editor.default\">\n\t\t\t\t<div class=\"elementor-widget-container\">\n\t\t\t\t\t\t\t\t\t<h3 style=\"text-align: center;\"><span style=\"font-weight: 400;\">F\u00fcllen Sie das untenstehende Formular !<\/span><\/h3>\n\t\t\t\t\t\t\t\t<\/div>\n\t\t\t\t<\/div>\n\t\t\t\t<div class=\"elementor-element elementor-element-fa62408 elementor-widget elementor-widget-text-editor\" data-id=\"fa62408\" data-element_type=\"widget\" data-e-type=\"widget\" data-widget_type=\"text-editor.default\">\n\t\t\t\t<div class=\"elementor-widget-container\">\n\t\t\t\t\t\t\t\t\t<h6 style=\"text-align: center;\">f\u00fcllen Sie das untenstehende Formular mit allen Ihren Daten aus oder r<a href=\"tel:0499336455\">ufen Sie 39.049.9336455 an.<\/a> Wir werden innerhalb von 24 Stunden nach Erhalt Ihrer Nachricht antworten.<\/h6>\n\t\t\t\t\t\t\t\t<\/div>\n\t\t\t\t<\/div>\n\t\t\t\t<div class=\"elementor-element elementor-element-672a928 elementor-widget elementor-widget-shortcode\" data-id=\"672a928\" data-element_type=\"widget\" data-e-type=\"widget\" data-widget_type=\"shortcode.default\">\n\t\t\t\t<div class=\"elementor-widget-container\">\n\t\t\t\t\t\t\t<div class=\"elementor-shortcode\"><script charset=\"utf-8\" type=\"text\/javascript\" src=\"\/\/js-eu1.hsforms.net\/forms\/embed\/v2.js\"><\/script>\n<script>\n  hbspt.forms.create({\n    region: \"eu1\",\n    portalId: \"145537479\",\n    formId: \"862e5fe3-7c9a-445d-bbce-50f62f887793\"\n  });\n<\/script><\/div>\n\t\t\t\t\t\t<\/div>\n\t\t\t\t<\/div>\n\t\t\t\t\t<\/div>\n\t\t<\/div>\n\t\t\t\t\t<\/div>\n\t\t<\/section>\n\t\t\t\t<section class=\"elementor-section elementor-top-section elementor-element elementor-element-64ea703 elementor-section-full_width elementor-section-height-default elementor-section-height-default parallax_section_no qode_elementor_container_no\" data-id=\"64ea703\" data-element_type=\"section\" data-e-type=\"section\" data-settings=\"{&quot;background_background&quot;:&quot;classic&quot;}\">\n\t\t\t\t\t\t<div class=\"elementor-container elementor-column-gap-default\">\n\t\t\t\t\t<div class=\"elementor-column elementor-col-50 elementor-top-column elementor-element elementor-element-b0e0fb2\" data-id=\"b0e0fb2\" data-element_type=\"column\" data-e-type=\"column\">\n\t\t\t<div class=\"elementor-widget-wrap elementor-element-populated\">\n\t\t\t\t\t\t<div class=\"elementor-element elementor-element-83423b3 elementor-widget elementor-widget-heading\" data-id=\"83423b3\" data-element_type=\"widget\" data-e-type=\"widget\" data-widget_type=\"heading.default\">\n\t\t\t\t<div class=\"elementor-widget-container\">\n\t\t\t\t\t<p class=\"elementor-heading-title elementor-size-default\">Wo wir sind<\/p>\t\t\t\t<\/div>\n\t\t\t\t<\/div>\n\t\t\t\t<div class=\"elementor-element elementor-element-29acc55 elementor-align-left elementor-widget elementor-widget-button\" data-id=\"29acc55\" data-element_type=\"widget\" data-e-type=\"widget\" data-widget_type=\"button.default\">\n\t\t\t\t<div class=\"elementor-widget-container\">\n\t\t\t\t\t\t\t\t\t<div class=\"elementor-button-wrapper\">\n\t\t\t\t\t<a class=\"elementor-button elementor-button-link elementor-size-sm\" href=\"#map\">\n\t\t\t\t\t\t<span class=\"elementor-button-content-wrapper\">\n\t\t\t\t\t\t<span class=\"elementor-button-icon\">\n\t\t\t\t<i aria-hidden=\"true\" class=\"fas fa-map-marker-alt\"><\/i>\t\t\t<\/span>\n\t\t\t\t\t\t\t\t\t<span class=\"elementor-button-text\">Konsultieren Sie die Karte<\/span>\n\t\t\t\t\t<\/span>\n\t\t\t\t\t<\/a>\n\t\t\t\t<\/div>\n\t\t\t\t\t\t\t\t<\/div>\n\t\t\t\t<\/div>\n\t\t\t\t\t<\/div>\n\t\t<\/div>\n\t\t\t\t<div class=\"elementor-column elementor-col-50 elementor-top-column elementor-element elementor-element-b0fa6bb\" data-id=\"b0fa6bb\" data-element_type=\"column\" data-e-type=\"column\">\n\t\t\t<div class=\"elementor-widget-wrap elementor-element-populated\">\n\t\t\t\t\t\t<div class=\"elementor-element elementor-element-5e7ce66 elementor-widget elementor-widget-text-editor\" data-id=\"5e7ce66\" data-element_type=\"widget\" data-e-type=\"widget\" data-widget_type=\"text-editor.default\">\n\t\t\t\t<div class=\"elementor-widget-container\">\n\t\t\t\t\t\t\t\t\t<p><span style=\"color: #000000;\"><span style=\"font-weight: 300;\">W<span style=\"font-weight: 300;\">enn Sie wissen m\u00f6chten, wo wir sind oder unsere Kontaktdaten in Italien ben\u00f6tigen, k\u00f6nnen Sie die Karte hier unten \u00fcberpr\u00fcfen: Sie finden die <\/span><b>vollst\u00e4ndige Adresse<\/b><span style=\"font-weight: 300;\"> und eine Wegbeschreibung zu uns. <\/span><\/span><\/span><\/p>\n\t\t\t\t\t\t\t\t<\/div>\n\t\t\t\t<\/div>\n\t\t\t\t<div class=\"elementor-element elementor-element-5e77196 elementor-widget elementor-widget-spacer\" data-id=\"5e77196\" data-element_type=\"widget\" data-e-type=\"widget\" data-widget_type=\"spacer.default\">\n\t\t\t\t<div class=\"elementor-widget-container\">\n\t\t\t\t\t\t\t<div class=\"elementor-spacer\">\n\t\t\t<div class=\"elementor-spacer-inner\"><\/div>\n\t\t<\/div>\n\t\t\t\t\t\t<\/div>\n\t\t\t\t<\/div>\n\t\t\t\t\t<\/div>\n\t\t<\/div>\n\t\t\t\t\t<\/div>\n\t\t<\/section>\n\t\t\t\t<\/div>\n\t\t","protected":false},"excerpt":{"rendered":"<p>Zu Ihrer Verf\u00fcgung Zu Ihrer Verf\u00fcgung Wo wir sind und wie Sie uns kontaktieren k\u00f6nnen Yesovens Made in Italy Wir sind ein italienisches Unternehmen mit internationaler Seele. Aus diesem Grund werden unsere Profi-Back\u00f6fen in Italien hergestellt und auf der ganzen Welt vertrieben und gelten als&#8230;<\/p>\n","protected":false},"author":1,"featured_media":0,"parent":0,"menu_order":0,"comment_status":"closed","ping_status":"closed","template":"full_width.php","meta":{"_acf_changed":false,"content-type":"","footnotes":""},"class_list":["post-11630","page","type-page","status-publish","hentry"],"acf":[],"_links":{"self":[{"href":"https:\/\/www.yesovens.it\/de\/wp-json\/wp\/v2\/pages\/11630","targetHints":{"allow":["GET"]}}],"collection":[{"href":"https:\/\/www.yesovens.it\/de\/wp-json\/wp\/v2\/pages"}],"about":[{"href":"https:\/\/www.yesovens.it\/de\/wp-json\/wp\/v2\/types\/page"}],"author":[{"embeddable":true,"href":"https:\/\/www.yesovens.it\/de\/wp-json\/wp\/v2\/users\/1"}],"replies":[{"embeddable":true,"href":"https:\/\/www.yesovens.it\/de\/wp-json\/wp\/v2\/comments?post=11630"}],"version-history":[{"count":0,"href":"https:\/\/www.yesovens.it\/de\/wp-json\/wp\/v2\/pages\/11630\/revisions"}],"wp:attachment":[{"href":"https:\/\/www.yesovens.it\/de\/wp-json\/wp\/v2\/media?parent=11630"}],"curies":[{"name":"wp","href":"https:\/\/api.w.org\/{rel}","templated":true}]}}